{"id":79,"date":"2010-10-20T08:30:55","date_gmt":"2010-10-20T08:30:55","guid":{"rendered":"http:\/\/www.das-moewenhaus.de\/index.php\/"},"modified":"2019-12-30T21:21:32","modified_gmt":"2019-12-30T20:21:32","slug":"das-mowenhaus","status":"publish","type":"page","link":"https:\/\/www.das-moewenhaus.de\/","title":{"rendered":"Das M\u00f6wenhaus"},"content":{"rendered":"<h1>Das M\u00f6wenhaus \u2013<br \/>\nFerienwohnungen auf Usedom.<\/h1>\n<p>&nbsp;<\/p>\n<p>Das neue M\u00f6wenhaus in idyllischer und ruhiger Lage bietet alles was man f\u00fcr einen erholsamen Urlaub im kleinsten Seebad der Insel braucht. Das mit viel Liebe zum Detail eingerichtete Objekt, unterteilt in 2 Ferienwohnungen, erf\u00fcllt seinen G\u00e4sten alles was Sie von einer Ferienwohnung erwarten k\u00f6nnen. Eine gro\u00dfz\u00fcgig ausgestattete Wohnk\u00fcche mit allen modernen Annehmlichkeiten. Ein Kamin und eine gem\u00fctliche Wohnlandschaft laden zum Kuscheln ein. Die modernen B\u00e4der des Hauses verf\u00fcgen \u00fcber Dusche und WC, sowie Schlafzimmer mit Aufbettung. Auf der einladenden Sonnenterasse kann man die Seele baumeln und den Alltag hinter sich lassen. Das M\u00f6wenhaus bietet nat\u00fcrlich ganzj\u00e4hrig die M\u00f6glichkeit der Grill und Gartennutzung sowie kostenlose Fahrr\u00e4der.<\/p>\n<p><img loading=\"lazy\" decoding=\"async\" class=\"alignnone size-medium wp-image-869\" src=\"https:\/\/www.das-moewenhaus.de\/wp-content\/uploads\/DSC_2713-40-800x533.jpg\" alt=\"\" width=\"800\" height=\"533\" srcset=\"https:\/\/www.das-moewenhaus.de\/wp-content\/uploads\/DSC_2713-40-800x533.jpg 800w, https:\/\/www.das-moewenhaus.de\/wp-content\/uploads\/DSC_2713-40-240x160.jpg 240w, https:\/\/www.das-moewenhaus.de\/wp-content\/uploads\/DSC_2713-40-768x512.jpg 768w, https:\/\/www.das-moewenhaus.de\/wp-content\/uploads\/DSC_2713-40-867x578.jpg 867w, https:\/\/www.das-moewenhaus.de\/wp-content\/uploads\/DSC_2713-40.jpg 1280w\" sizes=\"auto, (max-width: 800px) 100vw, 800px\" \/><\/p>\n<p><img loading=\"lazy\" decoding=\"async\" class=\"alignnone wp-image-737 size-full\" src=\"https:\/\/www.das-moewenhaus.de\/wp-content\/uploads\/Freies_WLAN_WiFi_01.gif\" alt=\"freies_wlan_wifi_01\" width=\"200\" height=\"43\" \/><\/p>\n<p>&nbsp;<\/p>\n<p>&nbsp;<\/p>\n<p>&nbsp;<\/p>\n<h1><img loading=\"lazy\" decoding=\"async\" class=\"aligncenter size-full wp-image-88\" title=\"Das Moewenhaus\" src=\"https:\/\/www.das-moewenhaus.de\/wp-content\/uploads\/2010\/10\/banner_das_moewenhaus.png\" alt=\"\" width=\"800\" height=\"138\" srcset=\"https:\/\/www.das-moewenhaus.de\/wp-content\/uploads\/2010\/10\/banner_das_moewenhaus.png 800w, https:\/\/www.das-moewenhaus.de\/wp-content\/uploads\/2010\/10\/banner_das_moewenhaus-760x131.png 760w\" sizes=\"auto, (max-width: 800px) 100vw, 800px\" \/><\/h1>\n<p>&nbsp;<\/p>\n","protected":false},"excerpt":{"rendered":"<p>Das M\u00f6wenhaus \u2013 Ferienwohnungen auf Usedom. &nbsp; Das neue M\u00f6wenhaus in idyllischer und ruhiger Lage bietet alles was man f\u00fcr einen erholsamen Urlaub im kleinsten Seebad der Insel braucht. Das mit viel Liebe zum Detail eingerichtete Objekt, unterteilt in 2 Ferienwohnungen, erf\u00fcllt seinen G\u00e4sten alles was Sie von einer Ferienwohnung erwarten k\u00f6nnen. Eine gro\u00dfz\u00fcgig ausgestattete [&hellip;]<\/p>\n","protected":false},"author":1,"featured_media":0,"parent":0,"menu_order":0,"comment_status":"closed","ping_status":"closed","template":"","meta":{"footnotes":""},"class_list":["post-79","page","type-page","status-publish","hentry"],"_links":{"self":[{"href":"https:\/\/www.das-moewenhaus.de\/index.php\/wp-json\/wp\/v2\/pages\/79","targetHints":{"allow":["GET"]}}],"collection":[{"href":"https:\/\/www.das-moewenhaus.de\/index.php\/wp-json\/wp\/v2\/pages"}],"about":[{"href":"https:\/\/www.das-moewenhaus.de\/index.php\/wp-json\/wp\/v2\/types\/page"}],"author":[{"embeddable":true,"href":"https:\/\/www.das-moewenhaus.de\/index.php\/wp-json\/wp\/v2\/users\/1"}],"replies":[{"embeddable":true,"href":"https:\/\/www.das-moewenhaus.de\/index.php\/wp-json\/wp\/v2\/comments?post=79"}],"version-history":[{"count":13,"href":"https:\/\/www.das-moewenhaus.de\/index.php\/wp-json\/wp\/v2\/pages\/79\/revisions"}],"predecessor-version":[{"id":881,"href":"https:\/\/www.das-moewenhaus.de\/index.php\/wp-json\/wp\/v2\/pages\/79\/revisions\/881"}],"wp:attachment":[{"href":"https:\/\/www.das-moewenhaus.de\/index.php\/wp-json\/wp\/v2\/media?parent=79"}],"curies":[{"name":"wp","href":"https:\/\/api.w.org\/{rel}","templated":true}]}}