{"id":605,"date":"2012-03-10T09:53:26","date_gmt":"2012-03-10T08:53:26","guid":{"rendered":"http:\/\/www.das-moewenhaus.de\/index.php\/"},"modified":"2025-04-22T18:23:42","modified_gmt":"2025-04-22T16:23:42","slug":"bilder-kleines-nest","status":"publish","type":"page","link":"https:\/\/www.das-moewenhaus.de\/index.php\/bilder-kleines-nest\/","title":{"rendered":"Bilder aus dem \u201eKleinen Nest\u201c"},"content":{"rendered":"<h2 style=\"text-align: justify;\">Impressionen aus dem \u201ekleinen Nest\u201c<\/h2>\n<p style=\"text-align: justify;\">\u201eDas kleine Nest\u201c ist die kleinere Wohneinheit im M\u00f6wenhaus. Auf ihren 55 Quadratmetern finden Sie alles, was Sie f\u00fcr einen entspannten Urlaub mit Ihrer kleinen Familie brauchen. Die Maisonette-Wohnung verf\u00fcgt \u00fcber ein kombiniertes Wohn- und Esszimmer mit integrierter K\u00fcche. Im Schlafzimmer garantiert Ihnen ein Doppelbett einen geruhsamen Schlaf. In einem Extrazimmer finden Sie zudem eine Schlafcouch. Das Badezimmer ist mit WC und Dusche ausgestattet. Ein Kinderhochstuhl f\u00fcr die j\u00fcngsten G\u00e4ste fehlt genauso wenig wie ein DVD-Player, LCD TV und ein Radio. Die Fu\u00dfbodenheizung sorgt f\u00fcr wohlige W\u00e4rme und Gem\u00fctlichkeit. Auf eine m\u00f6blierte Terrasse mit Grill m\u00fcssen Sie ebenso wenig verzichten wie auf einen separaten Stellplatz f\u00fcr Ihr Auto. Die K\u00fcche ist mit einem Herd, einem Backofen, einer Geschirrsp\u00fclmaschine, einem K\u00fchlschrank mit Tiefk\u00fchlfach, einer Mikrowelle, einer Kaffeemaschine, einem Toaster und einem Wasserkocher ausgestattet.<\/p>\n<p style=\"text-align: right;\"><span style=\"color: #ff9900;\"><a style=\"color: #ff9900;\" href=\"https:\/\/www.das-moewenhaus.de\/index.php\/impressionen_kleines_nest\/kleines-nest\/\">Preise und Ausstattung der kleinen Ferienwohnung<\/a><\/span><\/p>\n\n\t\t<style type=\"text\/css\">\n\t\t\t#gallery-1 {\n\t\t\t\tmargin: auto;\n\t\t\t}\n\t\t\t#gallery-1 .gallery-item {\n\t\t\t\tfloat: left;\n\t\t\t\tmargin-top: 10px;\n\t\t\t\ttext-align: center;\n\t\t\t\twidth: 33%;\n\t\t\t}\n\t\t\t#gallery-1 img {\n\t\t\t\tborder: 2px solid #cfcfcf;\n\t\t\t}\n\t\t\t#gallery-1 .gallery-caption {\n\t\t\t\tmargin-left: 0;\n\t\t\t}\n\t\t\t\/* see gallery_shortcode() in wp-includes\/media.php *\/\n\t\t<\/style>\n\t\t<div id='gallery-1' class='gallery galleryid-605 gallery-columns-3 gallery-size-thumbnail'><dl class='gallery-item'>\n\t\t\t<dt class='gallery-icon landscape'>\n\t\t\t\t<a href='https:\/\/www.das-moewenhaus.de\/index.php\/groses-nest-bilder\/dsc_2712-39\/' class=\"kk-lightbox\" data-title=\"DSC_2712-39\"><img loading=\"lazy\" decoding=\"async\" width=\"240\" height=\"160\" src=\"https:\/\/www.das-moewenhaus.de\/wp-content\/uploads\/DSC_2712-39-240x160.jpg\" class=\"attachment-thumbnail size-thumbnail\" alt=\"\" srcset=\"https:\/\/www.das-moewenhaus.de\/wp-content\/uploads\/DSC_2712-39-240x160.jpg 240w, https:\/\/www.das-moewenhaus.de\/wp-content\/uploads\/DSC_2712-39-800x533.jpg 800w, https:\/\/www.das-moewenhaus.de\/wp-content\/uploads\/DSC_2712-39-768x512.jpg 768w, https:\/\/www.das-moewenhaus.de\/wp-content\/uploads\/DSC_2712-39-867x578.jpg 867w, https:\/\/www.das-moewenhaus.de\/wp-content\/uploads\/DSC_2712-39.jpg 1280w\" sizes=\"auto, (max-width: 240px) 100vw, 240px\" \/><\/a>\n\t\t\t<\/dt><\/dl><dl class='gallery-item'>\n\t\t\t<dt class='gallery-icon landscape'>\n\t\t\t\t<a href='https:\/\/www.das-moewenhaus.de\/index.php\/groses-nest-bilder\/dsc_2709-38\/' class=\"kk-lightbox\" data-title=\"DSC_2709-38\"><img loading=\"lazy\" decoding=\"async\" width=\"240\" height=\"160\" src=\"https:\/\/www.das-moewenhaus.de\/wp-content\/uploads\/DSC_2709-38-240x160.jpg\" class=\"attachment-thumbnail size-thumbnail\" alt=\"\" srcset=\"https:\/\/www.das-moewenhaus.de\/wp-content\/uploads\/DSC_2709-38-240x160.jpg 240w, https:\/\/www.das-moewenhaus.de\/wp-content\/uploads\/DSC_2709-38-800x533.jpg 800w, https:\/\/www.das-moewenhaus.de\/wp-content\/uploads\/DSC_2709-38-768x512.jpg 768w, https:\/\/www.das-moewenhaus.de\/wp-content\/uploads\/DSC_2709-38-867x578.jpg 867w, https:\/\/www.das-moewenhaus.de\/wp-content\/uploads\/DSC_2709-38.jpg 1280w\" sizes=\"auto, (max-width: 240px) 100vw, 240px\" \/><\/a>\n\t\t\t<\/dt><\/dl><dl class='gallery-item'>\n\t\t\t<dt class='gallery-icon landscape'>\n\t\t\t\t<a href='https:\/\/www.das-moewenhaus.de\/index.php\/groses-nest-bilder\/dsc_2706-37\/' class=\"kk-lightbox\" data-title=\"DSC_2706-37\"><img loading=\"lazy\" decoding=\"async\" width=\"240\" height=\"160\" src=\"https:\/\/www.das-moewenhaus.de\/wp-content\/uploads\/DSC_2706-37-240x160.jpg\" class=\"attachment-thumbnail size-thumbnail\" alt=\"\" srcset=\"https:\/\/www.das-moewenhaus.de\/wp-content\/uploads\/DSC_2706-37-240x160.jpg 240w, https:\/\/www.das-moewenhaus.de\/wp-content\/uploads\/DSC_2706-37-800x533.jpg 800w, https:\/\/www.das-moewenhaus.de\/wp-content\/uploads\/DSC_2706-37-768x512.jpg 768w, https:\/\/www.das-moewenhaus.de\/wp-content\/uploads\/DSC_2706-37-867x578.jpg 867w, https:\/\/www.das-moewenhaus.de\/wp-content\/uploads\/DSC_2706-37.jpg 1280w\" sizes=\"auto, (max-width: 240px) 100vw, 240px\" \/><\/a>\n\t\t\t<\/dt><\/dl><br style=\"clear: both\" \/><dl class='gallery-item'>\n\t\t\t<dt class='gallery-icon landscape'>\n\t\t\t\t<a href='https:\/\/www.das-moewenhaus.de\/index.php\/groses-nest-bilder\/dsc_2701-35\/' class=\"kk-lightbox\" data-title=\"DSC_2701-35\"><img loading=\"lazy\" decoding=\"async\" width=\"240\" height=\"160\" src=\"https:\/\/www.das-moewenhaus.de\/wp-content\/uploads\/DSC_2701-35-240x160.jpg\" class=\"attachment-thumbnail size-thumbnail\" alt=\"\" srcset=\"https:\/\/www.das-moewenhaus.de\/wp-content\/uploads\/DSC_2701-35-240x160.jpg 240w, https:\/\/www.das-moewenhaus.de\/wp-content\/uploads\/DSC_2701-35-800x533.jpg 800w, https:\/\/www.das-moewenhaus.de\/wp-content\/uploads\/DSC_2701-35-768x512.jpg 768w, https:\/\/www.das-moewenhaus.de\/wp-content\/uploads\/DSC_2701-35-867x578.jpg 867w, https:\/\/www.das-moewenhaus.de\/wp-content\/uploads\/DSC_2701-35.jpg 1280w\" sizes=\"auto, (max-width: 240px) 100vw, 240px\" \/><\/a>\n\t\t\t<\/dt><\/dl><dl class='gallery-item'>\n\t\t\t<dt class='gallery-icon portrait'>\n\t\t\t\t<a href='https:\/\/www.das-moewenhaus.de\/index.php\/groses-nest-bilder\/dsc_2698-34\/' class=\"kk-lightbox\" data-title=\"DSC_2698-34\"><img loading=\"lazy\" decoding=\"async\" width=\"240\" height=\"160\" src=\"https:\/\/www.das-moewenhaus.de\/wp-content\/uploads\/DSC_2698-34-240x160.jpg\" class=\"attachment-thumbnail size-thumbnail\" alt=\"\" \/><\/a>\n\t\t\t<\/dt><\/dl><dl class='gallery-item'>\n\t\t\t<dt class='gallery-icon portrait'>\n\t\t\t\t<a href='https:\/\/www.das-moewenhaus.de\/index.php\/groses-nest-bilder\/dsc_2695-33\/' class=\"kk-lightbox\" data-title=\"DSC_2695-33\"><img loading=\"lazy\" decoding=\"async\" width=\"240\" height=\"160\" src=\"https:\/\/www.das-moewenhaus.de\/wp-content\/uploads\/DSC_2695-33-240x160.jpg\" class=\"attachment-thumbnail size-thumbnail\" alt=\"\" \/><\/a>\n\t\t\t<\/dt><\/dl><br style=\"clear: both\" \/><dl class='gallery-item'>\n\t\t\t<dt class='gallery-icon portrait'>\n\t\t\t\t<a href='https:\/\/www.das-moewenhaus.de\/index.php\/groses-nest-bilder\/dsc_2692-32\/' class=\"kk-lightbox\" data-title=\"DSC_2692-32\"><img loading=\"lazy\" decoding=\"async\" width=\"240\" height=\"160\" src=\"https:\/\/www.das-moewenhaus.de\/wp-content\/uploads\/DSC_2692-32-240x160.jpg\" class=\"attachment-thumbnail size-thumbnail\" alt=\"\" \/><\/a>\n\t\t\t<\/dt><\/dl><dl class='gallery-item'>\n\t\t\t<dt class='gallery-icon landscape'>\n\t\t\t\t<a href='https:\/\/www.das-moewenhaus.de\/index.php\/groses-nest-bilder\/dsc_2688-31\/' class=\"kk-lightbox\" data-title=\"DSC_2688-31\"><img loading=\"lazy\" decoding=\"async\" width=\"240\" height=\"160\" src=\"https:\/\/www.das-moewenhaus.de\/wp-content\/uploads\/DSC_2688-31-240x160.jpg\" class=\"attachment-thumbnail size-thumbnail\" alt=\"\" srcset=\"https:\/\/www.das-moewenhaus.de\/wp-content\/uploads\/DSC_2688-31-240x160.jpg 240w, https:\/\/www.das-moewenhaus.de\/wp-content\/uploads\/DSC_2688-31-800x533.jpg 800w, https:\/\/www.das-moewenhaus.de\/wp-content\/uploads\/DSC_2688-31-768x512.jpg 768w, https:\/\/www.das-moewenhaus.de\/wp-content\/uploads\/DSC_2688-31-867x578.jpg 867w, https:\/\/www.das-moewenhaus.de\/wp-content\/uploads\/DSC_2688-31.jpg 1280w\" sizes=\"auto, (max-width: 240px) 100vw, 240px\" \/><\/a>\n\t\t\t<\/dt><\/dl><dl class='gallery-item'>\n\t\t\t<dt class='gallery-icon landscape'>\n\t\t\t\t<a href='https:\/\/www.das-moewenhaus.de\/index.php\/groses-nest-bilder\/dsc_2686-30\/' class=\"kk-lightbox\" data-title=\"DSC_2686-30\"><img loading=\"lazy\" decoding=\"async\" width=\"240\" height=\"160\" src=\"https:\/\/www.das-moewenhaus.de\/wp-content\/uploads\/DSC_2686-30-240x160.jpg\" class=\"attachment-thumbnail size-thumbnail\" alt=\"\" srcset=\"https:\/\/www.das-moewenhaus.de\/wp-content\/uploads\/DSC_2686-30-240x160.jpg 240w, https:\/\/www.das-moewenhaus.de\/wp-content\/uploads\/DSC_2686-30-800x533.jpg 800w, https:\/\/www.das-moewenhaus.de\/wp-content\/uploads\/DSC_2686-30-768x512.jpg 768w, https:\/\/www.das-moewenhaus.de\/wp-content\/uploads\/DSC_2686-30-867x578.jpg 867w, https:\/\/www.das-moewenhaus.de\/wp-content\/uploads\/DSC_2686-30.jpg 1280w\" sizes=\"auto, (max-width: 240px) 100vw, 240px\" \/><\/a>\n\t\t\t<\/dt><\/dl><br style=\"clear: both\" \/><dl class='gallery-item'>\n\t\t\t<dt class='gallery-icon landscape'>\n\t\t\t\t<a href='https:\/\/www.das-moewenhaus.de\/index.php\/groses-nest-bilder\/dsc_2681-28\/' class=\"kk-lightbox\" data-title=\"DSC_2681-28\"><img loading=\"lazy\" decoding=\"async\" width=\"240\" height=\"160\" src=\"https:\/\/www.das-moewenhaus.de\/wp-content\/uploads\/DSC_2681-28-240x160.jpg\" class=\"attachment-thumbnail size-thumbnail\" alt=\"\" srcset=\"https:\/\/www.das-moewenhaus.de\/wp-content\/uploads\/DSC_2681-28-240x160.jpg 240w, https:\/\/www.das-moewenhaus.de\/wp-content\/uploads\/DSC_2681-28-800x533.jpg 800w, https:\/\/www.das-moewenhaus.de\/wp-content\/uploads\/DSC_2681-28-768x512.jpg 768w, https:\/\/www.das-moewenhaus.de\/wp-content\/uploads\/DSC_2681-28-867x578.jpg 867w, https:\/\/www.das-moewenhaus.de\/wp-content\/uploads\/DSC_2681-28.jpg 1280w\" sizes=\"auto, (max-width: 240px) 100vw, 240px\" \/><\/a>\n\t\t\t<\/dt><\/dl><dl class='gallery-item'>\n\t\t\t<dt class='gallery-icon landscape'>\n\t\t\t\t<a href='https:\/\/www.das-moewenhaus.de\/index.php\/groses-nest-bilder\/dsc_2677-27\/' class=\"kk-lightbox\" data-title=\"DSC_2677-27\"><img loading=\"lazy\" decoding=\"async\" width=\"240\" height=\"160\" src=\"https:\/\/www.das-moewenhaus.de\/wp-content\/uploads\/DSC_2677-27-240x160.jpg\" class=\"attachment-thumbnail size-thumbnail\" alt=\"\" srcset=\"https:\/\/www.das-moewenhaus.de\/wp-content\/uploads\/DSC_2677-27-240x160.jpg 240w, https:\/\/www.das-moewenhaus.de\/wp-content\/uploads\/DSC_2677-27-800x533.jpg 800w, https:\/\/www.das-moewenhaus.de\/wp-content\/uploads\/DSC_2677-27-768x512.jpg 768w, https:\/\/www.das-moewenhaus.de\/wp-content\/uploads\/DSC_2677-27-867x578.jpg 867w, https:\/\/www.das-moewenhaus.de\/wp-content\/uploads\/DSC_2677-27.jpg 1280w\" sizes=\"auto, (max-width: 240px) 100vw, 240px\" \/><\/a>\n\t\t\t<\/dt><\/dl><dl class='gallery-item'>\n\t\t\t<dt class='gallery-icon landscape'>\n\t\t\t\t<a href='https:\/\/www.das-moewenhaus.de\/index.php\/groses-nest-bilder\/dsc_2674-26\/' class=\"kk-lightbox\" data-title=\"DSC_2674-26\"><img loading=\"lazy\" decoding=\"async\" width=\"240\" height=\"160\" src=\"https:\/\/www.das-moewenhaus.de\/wp-content\/uploads\/DSC_2674-26-240x160.jpg\" class=\"attachment-thumbnail size-thumbnail\" alt=\"\" srcset=\"https:\/\/www.das-moewenhaus.de\/wp-content\/uploads\/DSC_2674-26-240x160.jpg 240w, https:\/\/www.das-moewenhaus.de\/wp-content\/uploads\/DSC_2674-26-800x533.jpg 800w, https:\/\/www.das-moewenhaus.de\/wp-content\/uploads\/DSC_2674-26-768x512.jpg 768w, https:\/\/www.das-moewenhaus.de\/wp-content\/uploads\/DSC_2674-26-867x578.jpg 867w, https:\/\/www.das-moewenhaus.de\/wp-content\/uploads\/DSC_2674-26.jpg 1280w\" sizes=\"auto, (max-width: 240px) 100vw, 240px\" \/><\/a>\n\t\t\t<\/dt><\/dl><br style=\"clear: both\" \/><dl class='gallery-item'>\n\t\t\t<dt class='gallery-icon landscape'>\n\t\t\t\t<a href='https:\/\/www.das-moewenhaus.de\/index.php\/groses-nest-bilder\/dsc_2673-25\/' class=\"kk-lightbox\" data-title=\"DSC_2673-25\"><img loading=\"lazy\" decoding=\"async\" width=\"240\" height=\"160\" src=\"https:\/\/www.das-moewenhaus.de\/wp-content\/uploads\/DSC_2673-25-240x160.jpg\" class=\"attachment-thumbnail size-thumbnail\" alt=\"\" srcset=\"https:\/\/www.das-moewenhaus.de\/wp-content\/uploads\/DSC_2673-25-240x160.jpg 240w, https:\/\/www.das-moewenhaus.de\/wp-content\/uploads\/DSC_2673-25-800x533.jpg 800w, https:\/\/www.das-moewenhaus.de\/wp-content\/uploads\/DSC_2673-25-768x512.jpg 768w, https:\/\/www.das-moewenhaus.de\/wp-content\/uploads\/DSC_2673-25-867x578.jpg 867w, https:\/\/www.das-moewenhaus.de\/wp-content\/uploads\/DSC_2673-25.jpg 1280w\" sizes=\"auto, (max-width: 240px) 100vw, 240px\" \/><\/a>\n\t\t\t<\/dt><\/dl><dl class='gallery-item'>\n\t\t\t<dt class='gallery-icon landscape'>\n\t\t\t\t<a href='https:\/\/www.das-moewenhaus.de\/index.php\/groses-nest-bilder\/dsc_2669-24\/' class=\"kk-lightbox\" data-title=\"DSC_2669-24\"><img loading=\"lazy\" decoding=\"async\" width=\"240\" height=\"160\" src=\"https:\/\/www.das-moewenhaus.de\/wp-content\/uploads\/DSC_2669-24-240x160.jpg\" class=\"attachment-thumbnail size-thumbnail\" alt=\"\" srcset=\"https:\/\/www.das-moewenhaus.de\/wp-content\/uploads\/DSC_2669-24-240x160.jpg 240w, https:\/\/www.das-moewenhaus.de\/wp-content\/uploads\/DSC_2669-24-800x533.jpg 800w, https:\/\/www.das-moewenhaus.de\/wp-content\/uploads\/DSC_2669-24-768x512.jpg 768w, https:\/\/www.das-moewenhaus.de\/wp-content\/uploads\/DSC_2669-24-867x578.jpg 867w, https:\/\/www.das-moewenhaus.de\/wp-content\/uploads\/DSC_2669-24.jpg 1280w\" sizes=\"auto, (max-width: 240px) 100vw, 240px\" \/><\/a>\n\t\t\t<\/dt><\/dl><dl class='gallery-item'>\n\t\t\t<dt class='gallery-icon landscape'>\n\t\t\t\t<a href='https:\/\/www.das-moewenhaus.de\/index.php\/groses-nest-bilder\/dsc_2664-23\/' class=\"kk-lightbox\" data-title=\"DSC_2664-23\"><img loading=\"lazy\" decoding=\"async\" width=\"240\" height=\"160\" src=\"https:\/\/www.das-moewenhaus.de\/wp-content\/uploads\/DSC_2664-23-240x160.jpg\" class=\"attachment-thumbnail size-thumbnail\" alt=\"\" srcset=\"https:\/\/www.das-moewenhaus.de\/wp-content\/uploads\/DSC_2664-23-240x160.jpg 240w, https:\/\/www.das-moewenhaus.de\/wp-content\/uploads\/DSC_2664-23-800x533.jpg 800w, https:\/\/www.das-moewenhaus.de\/wp-content\/uploads\/DSC_2664-23-768x512.jpg 768w, https:\/\/www.das-moewenhaus.de\/wp-content\/uploads\/DSC_2664-23-867x578.jpg 867w, https:\/\/www.das-moewenhaus.de\/wp-content\/uploads\/DSC_2664-23.jpg 1280w\" sizes=\"auto, (max-width: 240px) 100vw, 240px\" \/><\/a>\n\t\t\t<\/dt><\/dl><br style=\"clear: both\" \/><dl class='gallery-item'>\n\t\t\t<dt class='gallery-icon landscape'>\n\t\t\t\t<a href='https:\/\/www.das-moewenhaus.de\/index.php\/groses-nest-bilder\/dsc_2662-22\/' class=\"kk-lightbox\" data-title=\"DSC_2662-22\"><img loading=\"lazy\" decoding=\"async\" width=\"240\" height=\"160\" src=\"https:\/\/www.das-moewenhaus.de\/wp-content\/uploads\/DSC_2662-22-240x160.jpg\" class=\"attachment-thumbnail size-thumbnail\" alt=\"\" srcset=\"https:\/\/www.das-moewenhaus.de\/wp-content\/uploads\/DSC_2662-22-240x160.jpg 240w, https:\/\/www.das-moewenhaus.de\/wp-content\/uploads\/DSC_2662-22-800x533.jpg 800w, https:\/\/www.das-moewenhaus.de\/wp-content\/uploads\/DSC_2662-22-768x512.jpg 768w, https:\/\/www.das-moewenhaus.de\/wp-content\/uploads\/DSC_2662-22-867x578.jpg 867w, https:\/\/www.das-moewenhaus.de\/wp-content\/uploads\/DSC_2662-22.jpg 1280w\" sizes=\"auto, (max-width: 240px) 100vw, 240px\" \/><\/a>\n\t\t\t<\/dt><\/dl><dl class='gallery-item'>\n\t\t\t<dt class='gallery-icon landscape'>\n\t\t\t\t<a href='https:\/\/www.das-moewenhaus.de\/index.php\/groses-nest-bilder\/dsc_2655-21\/' class=\"kk-lightbox\" data-title=\"DSC_2655-21\"><img loading=\"lazy\" decoding=\"async\" width=\"240\" height=\"160\" src=\"https:\/\/www.das-moewenhaus.de\/wp-content\/uploads\/DSC_2655-21-240x160.jpg\" class=\"attachment-thumbnail size-thumbnail\" alt=\"\" srcset=\"https:\/\/www.das-moewenhaus.de\/wp-content\/uploads\/DSC_2655-21-240x160.jpg 240w, https:\/\/www.das-moewenhaus.de\/wp-content\/uploads\/DSC_2655-21-800x533.jpg 800w, https:\/\/www.das-moewenhaus.de\/wp-content\/uploads\/DSC_2655-21-768x512.jpg 768w, https:\/\/www.das-moewenhaus.de\/wp-content\/uploads\/DSC_2655-21-867x578.jpg 867w, https:\/\/www.das-moewenhaus.de\/wp-content\/uploads\/DSC_2655-21.jpg 1280w\" sizes=\"auto, (max-width: 240px) 100vw, 240px\" \/><\/a>\n\t\t\t<\/dt><\/dl><dl class='gallery-item'>\n\t\t\t<dt class='gallery-icon landscape'>\n\t\t\t\t<a href='https:\/\/www.das-moewenhaus.de\/index.php\/groses-nest-bilder\/dsc_2287-20\/' class=\"kk-lightbox\" data-title=\"DSC_2287-20\"><img loading=\"lazy\" decoding=\"async\" width=\"240\" height=\"160\" src=\"https:\/\/www.das-moewenhaus.de\/wp-content\/uploads\/DSC_2287-20-240x160.jpg\" class=\"attachment-thumbnail size-thumbnail\" alt=\"\" srcset=\"https:\/\/www.das-moewenhaus.de\/wp-content\/uploads\/DSC_2287-20-240x160.jpg 240w, https:\/\/www.das-moewenhaus.de\/wp-content\/uploads\/DSC_2287-20-800x533.jpg 800w, https:\/\/www.das-moewenhaus.de\/wp-content\/uploads\/DSC_2287-20-768x512.jpg 768w, https:\/\/www.das-moewenhaus.de\/wp-content\/uploads\/DSC_2287-20-867x578.jpg 867w, https:\/\/www.das-moewenhaus.de\/wp-content\/uploads\/DSC_2287-20.jpg 1280w\" sizes=\"auto, (max-width: 240px) 100vw, 240px\" \/><\/a>\n\t\t\t<\/dt><\/dl><br style=\"clear: both\" \/><dl class='gallery-item'>\n\t\t\t<dt class='gallery-icon landscape'>\n\t\t\t\t<a href='https:\/\/www.das-moewenhaus.de\/index.php\/bilder-kleines-nest\/kleines_nest-21\/' class=\"kk-lightbox\" data-title=\"kleines_nest (21)\"><img loading=\"lazy\" decoding=\"async\" width=\"240\" height=\"160\" src=\"https:\/\/www.das-moewenhaus.de\/wp-content\/uploads\/kleines_nest-21-240x160.jpg\" class=\"attachment-thumbnail size-thumbnail\" alt=\"\" srcset=\"https:\/\/www.das-moewenhaus.de\/wp-content\/uploads\/kleines_nest-21-240x160.jpg 240w, https:\/\/www.das-moewenhaus.de\/wp-content\/uploads\/kleines_nest-21-800x533.jpg 800w, https:\/\/www.das-moewenhaus.de\/wp-content\/uploads\/kleines_nest-21-760x506.jpg 760w, https:\/\/www.das-moewenhaus.de\/wp-content\/uploads\/kleines_nest-21.jpg 900w\" sizes=\"auto, (max-width: 240px) 100vw, 240px\" \/><\/a>\n\t\t\t<\/dt><\/dl><dl class='gallery-item'>\n\t\t\t<dt class='gallery-icon landscape'>\n\t\t\t\t<a href='https:\/\/www.das-moewenhaus.de\/index.php\/bilder-kleines-nest\/kleines_nest-20\/' class=\"kk-lightbox\" data-title=\"kleines_nest (20)\"><img loading=\"lazy\" decoding=\"async\" width=\"240\" height=\"160\" src=\"https:\/\/www.das-moewenhaus.de\/wp-content\/uploads\/kleines_nest-20-240x160.jpg\" class=\"attachment-thumbnail size-thumbnail\" alt=\"\" srcset=\"https:\/\/www.das-moewenhaus.de\/wp-content\/uploads\/kleines_nest-20-240x160.jpg 240w, https:\/\/www.das-moewenhaus.de\/wp-content\/uploads\/kleines_nest-20-800x533.jpg 800w, https:\/\/www.das-moewenhaus.de\/wp-content\/uploads\/kleines_nest-20-760x506.jpg 760w, https:\/\/www.das-moewenhaus.de\/wp-content\/uploads\/kleines_nest-20.jpg 900w\" sizes=\"auto, (max-width: 240px) 100vw, 240px\" \/><\/a>\n\t\t\t<\/dt><\/dl><dl class='gallery-item'>\n\t\t\t<dt class='gallery-icon landscape'>\n\t\t\t\t<a href='https:\/\/www.das-moewenhaus.de\/index.php\/bilder-kleines-nest\/kleines_nest-19\/' class=\"kk-lightbox\" data-title=\"kleines_nest (19)\"><img loading=\"lazy\" decoding=\"async\" width=\"240\" height=\"160\" src=\"https:\/\/www.das-moewenhaus.de\/wp-content\/uploads\/kleines_nest-19-240x160.jpg\" class=\"attachment-thumbnail size-thumbnail\" alt=\"\" srcset=\"https:\/\/www.das-moewenhaus.de\/wp-content\/uploads\/kleines_nest-19-240x160.jpg 240w, https:\/\/www.das-moewenhaus.de\/wp-content\/uploads\/kleines_nest-19-800x533.jpg 800w, https:\/\/www.das-moewenhaus.de\/wp-content\/uploads\/kleines_nest-19-760x506.jpg 760w, https:\/\/www.das-moewenhaus.de\/wp-content\/uploads\/kleines_nest-19.jpg 900w\" sizes=\"auto, (max-width: 240px) 100vw, 240px\" \/><\/a>\n\t\t\t<\/dt><\/dl><br style=\"clear: both\" \/>\n\t\t<\/div>\n\n","protected":false},"excerpt":{"rendered":"<p>Impressionen aus dem \u201ekleinen Nest\u201c \u201eDas kleine Nest\u201c ist die kleinere Wohneinheit im M\u00f6wenhaus. Auf ihren 55 Quadratmetern finden Sie alles, was Sie f\u00fcr einen entspannten Urlaub mit Ihrer kleinen Familie brauchen. Die Maisonette-Wohnung verf\u00fcgt \u00fcber ein kombiniertes Wohn- und Esszimmer mit integrierter K\u00fcche. Im Schlafzimmer garantiert Ihnen ein Doppelbett einen geruhsamen Schlaf. In einem [&hellip;]<\/p>\n","protected":false},"author":1,"featured_media":0,"parent":0,"menu_order":0,"comment_status":"closed","ping_status":"closed","template":"","meta":{"footnotes":""},"class_list":["post-605","page","type-page","status-publish","hentry"],"_links":{"self":[{"href":"https:\/\/www.das-moewenhaus.de\/index.php\/wp-json\/wp\/v2\/pages\/605","targetHints":{"allow":["GET"]}}],"collection":[{"href":"https:\/\/www.das-moewenhaus.de\/index.php\/wp-json\/wp\/v2\/pages"}],"about":[{"href":"https:\/\/www.das-moewenhaus.de\/index.php\/wp-json\/wp\/v2\/types\/page"}],"author":[{"embeddable":true,"href":"https:\/\/www.das-moewenhaus.de\/index.php\/wp-json\/wp\/v2\/users\/1"}],"replies":[{"embeddable":true,"href":"https:\/\/www.das-moewenhaus.de\/index.php\/wp-json\/wp\/v2\/comments?post=605"}],"version-history":[{"count":12,"href":"https:\/\/www.das-moewenhaus.de\/index.php\/wp-json\/wp\/v2\/pages\/605\/revisions"}],"predecessor-version":[{"id":911,"href":"https:\/\/www.das-moewenhaus.de\/index.php\/wp-json\/wp\/v2\/pages\/605\/revisions\/911"}],"wp:attachment":[{"href":"https:\/\/www.das-moewenhaus.de\/index.php\/wp-json\/wp\/v2\/media?parent=605"}],"curies":[{"name":"wp","href":"https:\/\/api.w.org\/{rel}","templated":true}]}}