{"id":570,"date":"2012-03-10T09:38:47","date_gmt":"2012-03-10T08:38:47","guid":{"rendered":"http:\/\/www.das-moewenhaus.de\/index.php\/"},"modified":"2025-04-22T18:22:47","modified_gmt":"2025-04-22T16:22:47","slug":"groses-nest-bilder","status":"publish","type":"page","link":"https:\/\/www.das-moewenhaus.de\/index.php\/groses-nest-bilder\/","title":{"rendered":"Bilder aus dem \u201eGro\u00dfen Nest\u201c"},"content":{"rendered":"<h2>Impressionen aus dem \u201eGro\u00dfen Nest\u201c<\/h2>\n<p style=\"text-align: justify;\">Das \u201eGro\u00dfe Nest\u201c bietet Ihnen und f\u00fcnf weiteren Personen auf 92 Quadratmetern ausreichend Platz im M\u00f6wenhaus. Wenn Sie Ihre freie Zeit nicht am Strand oder in der Natur verbringen, k\u00f6nnen Sie in dieser Wohnung ausgiebig relaxen. An romantischen Abenden lodern die Flammen in Kamin, w\u00e4hrend leise Musik aus dem Radio klingt. Wenn Sie nicht selbst in der unter anderem mit Herd, Backofen und Geschirrsp\u00fclmaschine gro\u00dfz\u00fcgig ausgestatteten K\u00fcche kochen wollen, so finden Sie zahlreiche gute Restaurants in der n\u00e4heren Umgebung. Die 3-Zimmer-Maisonette-Ferienwohnung verf\u00fcgt \u00fcber ein kombiniertes Wohn- und Esszimmer mit integrierter L-K\u00fcche, zwei gro\u00dfe Schlafzimmer mit je einem Doppelbett und je einer Schlafcouch f\u00fcr zwei Personen. Zwei B\u00e4der mit WC und Dusche fehlen ebenso wenig wie eine Waschmaschine, ein Kinderhochstuhl und eine Fu\u00dfbodenheizung. Auch bei dieser Ferienwohnung m\u00fcssen Sie auf eine m\u00f6blierte Terrasse mit Grill ebenso wenig verzichten wie auf einen separaten Stellplatz f\u00fcr Ihr Auto.<\/p>\n<p style=\"text-align: right;\"><a href=\"https:\/\/www.das-moewenhaus.de\/index.php\/impressionen-grosses-nest\/groses-nest\/\"><span style=\"color: #ff9900;\">Peise und Ausstattung der gro\u00dfen Ferienwohnung<\/span><\/a><\/p>\n\n\t\t<style type=\"text\/css\">\n\t\t\t#gallery-1 {\n\t\t\t\tmargin: auto;\n\t\t\t}\n\t\t\t#gallery-1 .gallery-item {\n\t\t\t\tfloat: left;\n\t\t\t\tmargin-top: 10px;\n\t\t\t\ttext-align: center;\n\t\t\t\twidth: 33%;\n\t\t\t}\n\t\t\t#gallery-1 img {\n\t\t\t\tborder: 2px solid #cfcfcf;\n\t\t\t}\n\t\t\t#gallery-1 .gallery-caption {\n\t\t\t\tmargin-left: 0;\n\t\t\t}\n\t\t\t\/* see gallery_shortcode() in wp-includes\/media.php *\/\n\t\t<\/style>\n\t\t<div id='gallery-1' class='gallery galleryid-570 gallery-columns-3 gallery-size-thumbnail'><dl class='gallery-item'>\n\t\t\t<dt class='gallery-icon portrait'>\n\t\t\t\t<a href='https:\/\/www.das-moewenhaus.de\/index.php\/groses-nest-bilder\/dsc_2284-19\/' class=\"kk-lightbox\" data-title=\"DSC_2284-19\"><img loading=\"lazy\" decoding=\"async\" width=\"240\" height=\"160\" src=\"https:\/\/www.das-moewenhaus.de\/wp-content\/uploads\/DSC_2284-19-240x160.jpg\" class=\"attachment-thumbnail size-thumbnail\" alt=\"\" \/><\/a>\n\t\t\t<\/dt><\/dl><dl class='gallery-item'>\n\t\t\t<dt class='gallery-icon portrait'>\n\t\t\t\t<a href='https:\/\/www.das-moewenhaus.de\/index.php\/groses-nest-bilder\/dsc_1898-18\/' class=\"kk-lightbox\" data-title=\"DSC_1898-18\"><img loading=\"lazy\" decoding=\"async\" width=\"240\" height=\"160\" src=\"https:\/\/www.das-moewenhaus.de\/wp-content\/uploads\/DSC_1898-18-240x160.jpg\" class=\"attachment-thumbnail size-thumbnail\" alt=\"\" \/><\/a>\n\t\t\t<\/dt><\/dl><dl class='gallery-item'>\n\t\t\t<dt class='gallery-icon landscape'>\n\t\t\t\t<a href='https:\/\/www.das-moewenhaus.de\/index.php\/groses-nest-bilder\/dsc_1891-17\/' class=\"kk-lightbox\" data-title=\"DSC_1891-17\"><img loading=\"lazy\" decoding=\"async\" width=\"240\" height=\"160\" src=\"https:\/\/www.das-moewenhaus.de\/wp-content\/uploads\/DSC_1891-17-240x160.jpg\" class=\"attachment-thumbnail size-thumbnail\" alt=\"\" srcset=\"https:\/\/www.das-moewenhaus.de\/wp-content\/uploads\/DSC_1891-17-240x160.jpg 240w, https:\/\/www.das-moewenhaus.de\/wp-content\/uploads\/DSC_1891-17-800x533.jpg 800w, https:\/\/www.das-moewenhaus.de\/wp-content\/uploads\/DSC_1891-17-768x512.jpg 768w, https:\/\/www.das-moewenhaus.de\/wp-content\/uploads\/DSC_1891-17-867x578.jpg 867w, https:\/\/www.das-moewenhaus.de\/wp-content\/uploads\/DSC_1891-17.jpg 1280w\" sizes=\"auto, (max-width: 240px) 100vw, 240px\" \/><\/a>\n\t\t\t<\/dt><\/dl><br style=\"clear: both\" \/><dl class='gallery-item'>\n\t\t\t<dt class='gallery-icon landscape'>\n\t\t\t\t<a href='https:\/\/www.das-moewenhaus.de\/index.php\/groses-nest-bilder\/dsc_1885-16\/' class=\"kk-lightbox\" data-title=\"DSC_1885-16\"><img loading=\"lazy\" decoding=\"async\" width=\"240\" height=\"160\" src=\"https:\/\/www.das-moewenhaus.de\/wp-content\/uploads\/DSC_1885-16-240x160.jpg\" class=\"attachment-thumbnail size-thumbnail\" alt=\"\" srcset=\"https:\/\/www.das-moewenhaus.de\/wp-content\/uploads\/DSC_1885-16-240x160.jpg 240w, https:\/\/www.das-moewenhaus.de\/wp-content\/uploads\/DSC_1885-16-800x533.jpg 800w, https:\/\/www.das-moewenhaus.de\/wp-content\/uploads\/DSC_1885-16-768x512.jpg 768w, https:\/\/www.das-moewenhaus.de\/wp-content\/uploads\/DSC_1885-16-867x578.jpg 867w, https:\/\/www.das-moewenhaus.de\/wp-content\/uploads\/DSC_1885-16.jpg 1280w\" sizes=\"auto, (max-width: 240px) 100vw, 240px\" \/><\/a>\n\t\t\t<\/dt><\/dl><dl class='gallery-item'>\n\t\t\t<dt class='gallery-icon landscape'>\n\t\t\t\t<a href='https:\/\/www.das-moewenhaus.de\/index.php\/groses-nest-bilder\/dsc_1882-15\/' class=\"kk-lightbox\" data-title=\"DSC_1882-15\"><img loading=\"lazy\" decoding=\"async\" width=\"240\" height=\"160\" src=\"https:\/\/www.das-moewenhaus.de\/wp-content\/uploads\/DSC_1882-15-240x160.jpg\" class=\"attachment-thumbnail size-thumbnail\" alt=\"\" srcset=\"https:\/\/www.das-moewenhaus.de\/wp-content\/uploads\/DSC_1882-15-240x160.jpg 240w, https:\/\/www.das-moewenhaus.de\/wp-content\/uploads\/DSC_1882-15-800x533.jpg 800w, https:\/\/www.das-moewenhaus.de\/wp-content\/uploads\/DSC_1882-15-768x512.jpg 768w, https:\/\/www.das-moewenhaus.de\/wp-content\/uploads\/DSC_1882-15-867x578.jpg 867w, https:\/\/www.das-moewenhaus.de\/wp-content\/uploads\/DSC_1882-15.jpg 1280w\" sizes=\"auto, (max-width: 240px) 100vw, 240px\" \/><\/a>\n\t\t\t<\/dt><\/dl><dl class='gallery-item'>\n\t\t\t<dt class='gallery-icon landscape'>\n\t\t\t\t<a href='https:\/\/www.das-moewenhaus.de\/index.php\/groses-nest-bilder\/dsc_1877-14\/' class=\"kk-lightbox\" data-title=\"DSC_1877-14\"><img loading=\"lazy\" decoding=\"async\" width=\"240\" height=\"160\" src=\"https:\/\/www.das-moewenhaus.de\/wp-content\/uploads\/DSC_1877-14-240x160.jpg\" class=\"attachment-thumbnail size-thumbnail\" alt=\"\" srcset=\"https:\/\/www.das-moewenhaus.de\/wp-content\/uploads\/DSC_1877-14-240x160.jpg 240w, https:\/\/www.das-moewenhaus.de\/wp-content\/uploads\/DSC_1877-14-800x533.jpg 800w, https:\/\/www.das-moewenhaus.de\/wp-content\/uploads\/DSC_1877-14-768x512.jpg 768w, https:\/\/www.das-moewenhaus.de\/wp-content\/uploads\/DSC_1877-14-867x578.jpg 867w, https:\/\/www.das-moewenhaus.de\/wp-content\/uploads\/DSC_1877-14.jpg 1280w\" sizes=\"auto, (max-width: 240px) 100vw, 240px\" \/><\/a>\n\t\t\t<\/dt><\/dl><br style=\"clear: both\" \/><dl class='gallery-item'>\n\t\t\t<dt class='gallery-icon portrait'>\n\t\t\t\t<a href='https:\/\/www.das-moewenhaus.de\/index.php\/groses-nest-bilder\/dsc_1871-13\/' class=\"kk-lightbox\" data-title=\"DSC_1871-13\"><img loading=\"lazy\" decoding=\"async\" width=\"240\" height=\"160\" src=\"https:\/\/www.das-moewenhaus.de\/wp-content\/uploads\/DSC_1871-13-240x160.jpg\" class=\"attachment-thumbnail size-thumbnail\" alt=\"\" \/><\/a>\n\t\t\t<\/dt><\/dl><dl class='gallery-item'>\n\t\t\t<dt class='gallery-icon portrait'>\n\t\t\t\t<a href='https:\/\/www.das-moewenhaus.de\/index.php\/groses-nest-bilder\/dsc_1868-12\/' class=\"kk-lightbox\" data-title=\"DSC_1868-12\"><img loading=\"lazy\" decoding=\"async\" width=\"240\" height=\"160\" src=\"https:\/\/www.das-moewenhaus.de\/wp-content\/uploads\/DSC_1868-12-240x160.jpg\" class=\"attachment-thumbnail size-thumbnail\" alt=\"\" \/><\/a>\n\t\t\t<\/dt><\/dl><dl class='gallery-item'>\n\t\t\t<dt class='gallery-icon portrait'>\n\t\t\t\t<a href='https:\/\/www.das-moewenhaus.de\/index.php\/groses-nest-bilder\/dsc_1862-11\/' class=\"kk-lightbox\" data-title=\"DSC_1862-11\"><img loading=\"lazy\" decoding=\"async\" width=\"240\" height=\"160\" src=\"https:\/\/www.das-moewenhaus.de\/wp-content\/uploads\/DSC_1862-11-240x160.jpg\" class=\"attachment-thumbnail size-thumbnail\" alt=\"\" \/><\/a>\n\t\t\t<\/dt><\/dl><br style=\"clear: both\" \/><dl class='gallery-item'>\n\t\t\t<dt class='gallery-icon landscape'>\n\t\t\t\t<a href='https:\/\/www.das-moewenhaus.de\/index.php\/groses-nest-bilder\/dsc_1857-10\/' class=\"kk-lightbox\" data-title=\"DSC_1857-10\"><img loading=\"lazy\" decoding=\"async\" width=\"240\" height=\"160\" src=\"https:\/\/www.das-moewenhaus.de\/wp-content\/uploads\/DSC_1857-10-240x160.jpg\" class=\"attachment-thumbnail size-thumbnail\" alt=\"\" srcset=\"https:\/\/www.das-moewenhaus.de\/wp-content\/uploads\/DSC_1857-10-240x160.jpg 240w, https:\/\/www.das-moewenhaus.de\/wp-content\/uploads\/DSC_1857-10-800x533.jpg 800w, https:\/\/www.das-moewenhaus.de\/wp-content\/uploads\/DSC_1857-10-768x512.jpg 768w, https:\/\/www.das-moewenhaus.de\/wp-content\/uploads\/DSC_1857-10-867x578.jpg 867w, https:\/\/www.das-moewenhaus.de\/wp-content\/uploads\/DSC_1857-10.jpg 1280w\" sizes=\"auto, (max-width: 240px) 100vw, 240px\" \/><\/a>\n\t\t\t<\/dt><\/dl><dl class='gallery-item'>\n\t\t\t<dt class='gallery-icon landscape'>\n\t\t\t\t<a href='https:\/\/www.das-moewenhaus.de\/index.php\/groses-nest-bilder\/dsc_1852-8\/' class=\"kk-lightbox\" data-title=\"DSC_1852-8\"><img loading=\"lazy\" decoding=\"async\" width=\"240\" height=\"160\" src=\"https:\/\/www.das-moewenhaus.de\/wp-content\/uploads\/DSC_1852-8-240x160.jpg\" class=\"attachment-thumbnail size-thumbnail\" alt=\"\" srcset=\"https:\/\/www.das-moewenhaus.de\/wp-content\/uploads\/DSC_1852-8-240x160.jpg 240w, https:\/\/www.das-moewenhaus.de\/wp-content\/uploads\/DSC_1852-8-800x533.jpg 800w, https:\/\/www.das-moewenhaus.de\/wp-content\/uploads\/DSC_1852-8-768x512.jpg 768w, https:\/\/www.das-moewenhaus.de\/wp-content\/uploads\/DSC_1852-8-867x578.jpg 867w, https:\/\/www.das-moewenhaus.de\/wp-content\/uploads\/DSC_1852-8.jpg 1280w\" sizes=\"auto, (max-width: 240px) 100vw, 240px\" \/><\/a>\n\t\t\t<\/dt><\/dl><dl class='gallery-item'>\n\t\t\t<dt class='gallery-icon portrait'>\n\t\t\t\t<a href='https:\/\/www.das-moewenhaus.de\/index.php\/groses-nest-bilder\/dsc_1842-6\/' class=\"kk-lightbox\" data-title=\"DSC_1842-6\"><img loading=\"lazy\" decoding=\"async\" width=\"240\" height=\"160\" src=\"https:\/\/www.das-moewenhaus.de\/wp-content\/uploads\/DSC_1842-6-240x160.jpg\" class=\"attachment-thumbnail size-thumbnail\" alt=\"\" \/><\/a>\n\t\t\t<\/dt><\/dl><br style=\"clear: both\" \/><dl class='gallery-item'>\n\t\t\t<dt class='gallery-icon portrait'>\n\t\t\t\t<a href='https:\/\/www.das-moewenhaus.de\/index.php\/groses-nest-bilder\/dsc_1840-5\/' class=\"kk-lightbox\" data-title=\"DSC_1840-5\"><img loading=\"lazy\" decoding=\"async\" width=\"240\" height=\"160\" src=\"https:\/\/www.das-moewenhaus.de\/wp-content\/uploads\/DSC_1840-5-240x160.jpg\" class=\"attachment-thumbnail size-thumbnail\" alt=\"\" \/><\/a>\n\t\t\t<\/dt><\/dl><dl class='gallery-item'>\n\t\t\t<dt class='gallery-icon landscape'>\n\t\t\t\t<a href='https:\/\/www.das-moewenhaus.de\/index.php\/groses-nest-bilder\/dsc_1833-4\/' class=\"kk-lightbox\" data-title=\"DSC_1833-4\"><img loading=\"lazy\" decoding=\"async\" width=\"240\" height=\"160\" src=\"https:\/\/www.das-moewenhaus.de\/wp-content\/uploads\/DSC_1833-4-240x160.jpg\" class=\"attachment-thumbnail size-thumbnail\" alt=\"\" srcset=\"https:\/\/www.das-moewenhaus.de\/wp-content\/uploads\/DSC_1833-4-240x160.jpg 240w, https:\/\/www.das-moewenhaus.de\/wp-content\/uploads\/DSC_1833-4-800x533.jpg 800w, https:\/\/www.das-moewenhaus.de\/wp-content\/uploads\/DSC_1833-4-768x512.jpg 768w, https:\/\/www.das-moewenhaus.de\/wp-content\/uploads\/DSC_1833-4-867x578.jpg 867w, https:\/\/www.das-moewenhaus.de\/wp-content\/uploads\/DSC_1833-4.jpg 1280w\" sizes=\"auto, (max-width: 240px) 100vw, 240px\" \/><\/a>\n\t\t\t<\/dt><\/dl><dl class='gallery-item'>\n\t\t\t<dt class='gallery-icon landscape'>\n\t\t\t\t<a href='https:\/\/www.das-moewenhaus.de\/index.php\/groses-nest-bilder\/dsc_1831-3\/' class=\"kk-lightbox\" data-title=\"DSC_1831-3\"><img loading=\"lazy\" decoding=\"async\" width=\"240\" height=\"160\" src=\"https:\/\/www.das-moewenhaus.de\/wp-content\/uploads\/DSC_1831-3-240x160.jpg\" class=\"attachment-thumbnail size-thumbnail\" alt=\"\" srcset=\"https:\/\/www.das-moewenhaus.de\/wp-content\/uploads\/DSC_1831-3-240x160.jpg 240w, https:\/\/www.das-moewenhaus.de\/wp-content\/uploads\/DSC_1831-3-800x533.jpg 800w, https:\/\/www.das-moewenhaus.de\/wp-content\/uploads\/DSC_1831-3-768x512.jpg 768w, https:\/\/www.das-moewenhaus.de\/wp-content\/uploads\/DSC_1831-3-867x578.jpg 867w, https:\/\/www.das-moewenhaus.de\/wp-content\/uploads\/DSC_1831-3.jpg 1280w\" sizes=\"auto, (max-width: 240px) 100vw, 240px\" \/><\/a>\n\t\t\t<\/dt><\/dl><br style=\"clear: both\" \/><dl class='gallery-item'>\n\t\t\t<dt class='gallery-icon landscape'>\n\t\t\t\t<a href='https:\/\/www.das-moewenhaus.de\/index.php\/groses-nest-bilder\/dsc_1830-2\/' class=\"kk-lightbox\" data-title=\"DSC_1830-2\"><img loading=\"lazy\" decoding=\"async\" width=\"240\" height=\"160\" src=\"https:\/\/www.das-moewenhaus.de\/wp-content\/uploads\/DSC_1830-2-240x160.jpg\" class=\"attachment-thumbnail size-thumbnail\" alt=\"\" srcset=\"https:\/\/www.das-moewenhaus.de\/wp-content\/uploads\/DSC_1830-2-240x160.jpg 240w, https:\/\/www.das-moewenhaus.de\/wp-content\/uploads\/DSC_1830-2-800x533.jpg 800w, https:\/\/www.das-moewenhaus.de\/wp-content\/uploads\/DSC_1830-2-768x512.jpg 768w, https:\/\/www.das-moewenhaus.de\/wp-content\/uploads\/DSC_1830-2-867x578.jpg 867w, https:\/\/www.das-moewenhaus.de\/wp-content\/uploads\/DSC_1830-2.jpg 1280w\" sizes=\"auto, (max-width: 240px) 100vw, 240px\" \/><\/a>\n\t\t\t<\/dt><\/dl><dl class='gallery-item'>\n\t\t\t<dt class='gallery-icon landscape'>\n\t\t\t\t<a href='https:\/\/www.das-moewenhaus.de\/index.php\/groses-nest-bilder\/dsc_1823-1\/' class=\"kk-lightbox\" data-title=\"DSC_1823-1\"><img loading=\"lazy\" decoding=\"async\" width=\"240\" height=\"160\" src=\"https:\/\/www.das-moewenhaus.de\/wp-content\/uploads\/DSC_1823-1-240x160.jpg\" class=\"attachment-thumbnail size-thumbnail\" alt=\"\" srcset=\"https:\/\/www.das-moewenhaus.de\/wp-content\/uploads\/DSC_1823-1-240x160.jpg 240w, https:\/\/www.das-moewenhaus.de\/wp-content\/uploads\/DSC_1823-1-800x533.jpg 800w, https:\/\/www.das-moewenhaus.de\/wp-content\/uploads\/DSC_1823-1-768x512.jpg 768w, https:\/\/www.das-moewenhaus.de\/wp-content\/uploads\/DSC_1823-1-867x578.jpg 867w, https:\/\/www.das-moewenhaus.de\/wp-content\/uploads\/DSC_1823-1.jpg 1280w\" sizes=\"auto, (max-width: 240px) 100vw, 240px\" \/><\/a>\n\t\t\t<\/dt><\/dl><dl class='gallery-item'>\n\t\t\t<dt class='gallery-icon landscape'>\n\t\t\t\t<a href='https:\/\/www.das-moewenhaus.de\/index.php\/groses-nest-bilder\/grosss_nest-16\/' class=\"kk-lightbox\" data-title=\"Terasse der Ferienwohnung Gro\u00dfes Nest\"><img loading=\"lazy\" decoding=\"async\" width=\"240\" height=\"160\" src=\"https:\/\/www.das-moewenhaus.de\/wp-content\/uploads\/grosss_nest-16-240x160.jpg\" class=\"attachment-thumbnail size-thumbnail\" alt=\"\" srcset=\"https:\/\/www.das-moewenhaus.de\/wp-content\/uploads\/grosss_nest-16-240x160.jpg 240w, https:\/\/www.das-moewenhaus.de\/wp-content\/uploads\/grosss_nest-16-800x533.jpg 800w, https:\/\/www.das-moewenhaus.de\/wp-content\/uploads\/grosss_nest-16-760x506.jpg 760w, https:\/\/www.das-moewenhaus.de\/wp-content\/uploads\/grosss_nest-16.jpg 900w\" sizes=\"auto, (max-width: 240px) 100vw, 240px\" \/><\/a>\n\t\t\t<\/dt><\/dl><br style=\"clear: both\" \/>\n\t\t<\/div>\n\n","protected":false},"excerpt":{"rendered":"<p>Impressionen aus dem \u201eGro\u00dfen Nest\u201c Das \u201eGro\u00dfe Nest\u201c bietet Ihnen und f\u00fcnf weiteren Personen auf 92 Quadratmetern ausreichend Platz im M\u00f6wenhaus. Wenn Sie Ihre freie Zeit nicht am Strand oder in der Natur verbringen, k\u00f6nnen Sie in dieser Wohnung ausgiebig relaxen. An romantischen Abenden lodern die Flammen in Kamin, w\u00e4hrend leise Musik aus dem Radio [&hellip;]<\/p>\n","protected":false},"author":1,"featured_media":0,"parent":0,"menu_order":0,"comment_status":"closed","ping_status":"closed","template":"","meta":{"footnotes":""},"class_list":["post-570","page","type-page","status-publish","hentry"],"_links":{"self":[{"href":"https:\/\/www.das-moewenhaus.de\/index.php\/wp-json\/wp\/v2\/pages\/570","targetHints":{"allow":["GET"]}}],"collection":[{"href":"https:\/\/www.das-moewenhaus.de\/index.php\/wp-json\/wp\/v2\/pages"}],"about":[{"href":"https:\/\/www.das-moewenhaus.de\/index.php\/wp-json\/wp\/v2\/types\/page"}],"author":[{"embeddable":true,"href":"https:\/\/www.das-moewenhaus.de\/index.php\/wp-json\/wp\/v2\/users\/1"}],"replies":[{"embeddable":true,"href":"https:\/\/www.das-moewenhaus.de\/index.php\/wp-json\/wp\/v2\/comments?post=570"}],"version-history":[{"count":15,"href":"https:\/\/www.das-moewenhaus.de\/index.php\/wp-json\/wp\/v2\/pages\/570\/revisions"}],"predecessor-version":[{"id":910,"href":"https:\/\/www.das-moewenhaus.de\/index.php\/wp-json\/wp\/v2\/pages\/570\/revisions\/910"}],"wp:attachment":[{"href":"https:\/\/www.das-moewenhaus.de\/index.php\/wp-json\/wp\/v2\/media?parent=570"}],"curies":[{"name":"wp","href":"https:\/\/api.w.org\/{rel}","templated":true}]}}