{"id":290,"date":"2010-11-17T13:07:41","date_gmt":"2010-11-17T13:07:41","guid":{"rendered":"http:\/\/www.das-moewenhaus.de\/index.php\/"},"modified":"2025-04-22T18:57:52","modified_gmt":"2025-04-22T16:57:52","slug":"groses-nest","status":"publish","type":"page","link":"https:\/\/www.das-moewenhaus.de\/index.php\/groses-nest\/","title":{"rendered":"Gro\u00dfes Nest"},"content":{"rendered":"<h2>Gro\u00dfes Nest im M\u00f6wenhaus<\/h2>\n<h3><span style=\"color: #ff9900;\">3-Zimmer-<span style=\"color: #ff9900;\">Ferienwohnung, 92 qm bis zu <\/span>6 Personen<\/span><\/h3>\n<p style=\"text-align: justify;\">Was kann es Sch\u00f6neres geben, als nach einem spannenden Tag am Strand oder in der herrlichen Natur der Insel Usedom wieder zur\u00fcck in eine gro\u00dfz\u00fcgig ausgestattete Ferienwohnung zu kommen? Einfach Antwort: Nichts. &#8222;Das gro\u00dfe Nest&#8220; bietet in Ihnen und f\u00fcnf weiteren Personen im M\u00f6wenhaus auf 92Quadratmetern ausreichend Platz. Selbstverst\u00e4ndlich k\u00f6nnen Sie, wenn Sie Ihre freie Zeit nicht am Strand oder in der Natur verbringen wollen, in dieser Wohnung den ganzen Tag ausgiebig relaxen. An romantischen Abenden lodern die Flammen im Kamin, w\u00e4hrend leise Musik aus dem Radio klingt. Wenn Sie nicht selbst in der unter anderem mit Herd, Backofen und Geschirrsp\u00fclmaschine gro\u00dfz\u00fcgig ausgestatteten K\u00fcche kochen wollen, so finden Sie zahlreiche gute Restaurants in der n\u00e4heren Umgebung. Bei sch\u00f6nem Wetter genie\u00dfen Sie auf der Terrasse zum Tagesausklang ein Glas Wein oder ein k\u00fchles Bier, bevor Sie im gro\u00dfz\u00fcgigen Schlafzimmer in einen geruhsamen Schlaf fallen.<\/p>\n\n\t\t<style type=\"text\/css\">\n\t\t\t#gallery-1 {\n\t\t\t\tmargin: auto;\n\t\t\t}\n\t\t\t#gallery-1 .gallery-item {\n\t\t\t\tfloat: left;\n\t\t\t\tmargin-top: 10px;\n\t\t\t\ttext-align: center;\n\t\t\t\twidth: 33%;\n\t\t\t}\n\t\t\t#gallery-1 img {\n\t\t\t\tborder: 2px solid #cfcfcf;\n\t\t\t}\n\t\t\t#gallery-1 .gallery-caption {\n\t\t\t\tmargin-left: 0;\n\t\t\t}\n\t\t\t\/* see gallery_shortcode() in wp-includes\/media.php *\/\n\t\t<\/style>\n\t\t<div id='gallery-1' class='gallery galleryid-290 gallery-columns-3 gallery-size-thumbnail'><dl class='gallery-item'>\n\t\t\t<dt class='gallery-icon landscape'>\n\t\t\t\t<a href='https:\/\/www.das-moewenhaus.de\/index.php\/groses-nest-bilder\/grosss_nest-16\/' class=\"kk-lightbox\" data-title=\"Terasse der Ferienwohnung Gro\u00dfes Nest\"><img loading=\"lazy\" decoding=\"async\" width=\"240\" height=\"160\" src=\"https:\/\/www.das-moewenhaus.de\/wp-content\/uploads\/grosss_nest-16-240x160.jpg\" class=\"attachment-thumbnail size-thumbnail\" alt=\"\" srcset=\"https:\/\/www.das-moewenhaus.de\/wp-content\/uploads\/grosss_nest-16-240x160.jpg 240w, https:\/\/www.das-moewenhaus.de\/wp-content\/uploads\/grosss_nest-16-800x533.jpg 800w, https:\/\/www.das-moewenhaus.de\/wp-content\/uploads\/grosss_nest-16-760x506.jpg 760w, https:\/\/www.das-moewenhaus.de\/wp-content\/uploads\/grosss_nest-16.jpg 900w\" sizes=\"auto, (max-width: 240px) 100vw, 240px\" \/><\/a>\n\t\t\t<\/dt><\/dl><dl class='gallery-item'>\n\t\t\t<dt class='gallery-icon landscape'>\n\t\t\t\t<a href='https:\/\/www.das-moewenhaus.de\/index.php\/groses-nest-bilder\/dsc_1833-4\/' class=\"kk-lightbox\" data-title=\"DSC_1833-4\"><img loading=\"lazy\" decoding=\"async\" width=\"240\" height=\"160\" src=\"https:\/\/www.das-moewenhaus.de\/wp-content\/uploads\/DSC_1833-4-240x160.jpg\" class=\"attachment-thumbnail size-thumbnail\" alt=\"\" srcset=\"https:\/\/www.das-moewenhaus.de\/wp-content\/uploads\/DSC_1833-4-240x160.jpg 240w, https:\/\/www.das-moewenhaus.de\/wp-content\/uploads\/DSC_1833-4-800x533.jpg 800w, https:\/\/www.das-moewenhaus.de\/wp-content\/uploads\/DSC_1833-4-768x512.jpg 768w, https:\/\/www.das-moewenhaus.de\/wp-content\/uploads\/DSC_1833-4-867x578.jpg 867w, https:\/\/www.das-moewenhaus.de\/wp-content\/uploads\/DSC_1833-4.jpg 1280w\" sizes=\"auto, (max-width: 240px) 100vw, 240px\" \/><\/a>\n\t\t\t<\/dt><\/dl><dl class='gallery-item'>\n\t\t\t<dt class='gallery-icon landscape'>\n\t\t\t\t<a href='https:\/\/www.das-moewenhaus.de\/index.php\/groses-nest-bilder\/dsc_1831-3\/' class=\"kk-lightbox\" data-title=\"DSC_1831-3\"><img loading=\"lazy\" decoding=\"async\" width=\"240\" height=\"160\" src=\"https:\/\/www.das-moewenhaus.de\/wp-content\/uploads\/DSC_1831-3-240x160.jpg\" class=\"attachment-thumbnail size-thumbnail\" alt=\"\" srcset=\"https:\/\/www.das-moewenhaus.de\/wp-content\/uploads\/DSC_1831-3-240x160.jpg 240w, https:\/\/www.das-moewenhaus.de\/wp-content\/uploads\/DSC_1831-3-800x533.jpg 800w, https:\/\/www.das-moewenhaus.de\/wp-content\/uploads\/DSC_1831-3-768x512.jpg 768w, https:\/\/www.das-moewenhaus.de\/wp-content\/uploads\/DSC_1831-3-867x578.jpg 867w, https:\/\/www.das-moewenhaus.de\/wp-content\/uploads\/DSC_1831-3.jpg 1280w\" sizes=\"auto, (max-width: 240px) 100vw, 240px\" \/><\/a>\n\t\t\t<\/dt><\/dl><br style=\"clear: both\" \/><dl class='gallery-item'>\n\t\t\t<dt class='gallery-icon landscape'>\n\t\t\t\t<a href='https:\/\/www.das-moewenhaus.de\/index.php\/groses-nest-bilder\/dsc_1885-16\/' class=\"kk-lightbox\" data-title=\"DSC_1885-16\"><img loading=\"lazy\" decoding=\"async\" width=\"240\" height=\"160\" src=\"https:\/\/www.das-moewenhaus.de\/wp-content\/uploads\/DSC_1885-16-240x160.jpg\" class=\"attachment-thumbnail size-thumbnail\" alt=\"\" srcset=\"https:\/\/www.das-moewenhaus.de\/wp-content\/uploads\/DSC_1885-16-240x160.jpg 240w, https:\/\/www.das-moewenhaus.de\/wp-content\/uploads\/DSC_1885-16-800x533.jpg 800w, https:\/\/www.das-moewenhaus.de\/wp-content\/uploads\/DSC_1885-16-768x512.jpg 768w, https:\/\/www.das-moewenhaus.de\/wp-content\/uploads\/DSC_1885-16-867x578.jpg 867w, https:\/\/www.das-moewenhaus.de\/wp-content\/uploads\/DSC_1885-16.jpg 1280w\" sizes=\"auto, (max-width: 240px) 100vw, 240px\" \/><\/a>\n\t\t\t<\/dt><\/dl>\n\t\t\t<br style='clear: both' \/>\n\t\t<\/div>\n\n<p style=\"text-align: right;\"><a href=\"https:\/\/www.das-moewenhaus.de\/index.php\/groses-nest-bilder\/\"><span style=\"color: #ff6600;\">Mehr Bilder vom \u201eGro\u00dfen Nest\u201c<\/span><\/a><\/p>\n<p><strong>Ausstattung:<\/strong><br \/>\n3-Zimmer-Ferienwohnung<br \/>\n92 \u00a0qm bis 6 Personen, Maisonette, Wohn-Esszimmer mit intergierter L-K\u00fcche, 2 gro\u00dfe Schlafzimmer mit je ein Doppelbett und je einer Schlafcouch f\u00fcr 2 Personen, 2 B\u00e4der, WC und Dusche, Waschmaschine, Kinderhochstuhl, Kamin, Fu\u00dfbodenheizung, DVD-Player, LCD-TV, Radio, m\u00f6blierte Terrasse mit Grill, separater Stellplatz<\/p>\n<p><strong>K\u00fcchenausstattung:<br \/>\n<\/strong>Herd, Backofen, Geschirrsp\u00fclmaschine, K\u00fchlschrank mit Tiefk\u00fchlfach, Mikrowelle, Kaffeemaschine, Toaster, Wasserkocher<\/p>\n<p><strong>Preise f\u00fcr die gro\u00dfe Ferienwohnung:<\/strong><\/p>\n<h3><span style=\"color: #ff9900;\" data-mce-mark=\"1\">3-Zimmer-Ferienwohnung, 92 qm bis zu 6 Personen<\/span><\/h3>\n<p><strong>kostenfreies WLAN im gesamten Ferienhaus<\/strong><\/p>\n<table id=\"Tabelle\" style=\"width: 778.33px; height: 384px;\" border=\"0\" cellspacing=\"0\" cellpadding=\"0\">\n<tbody>\n<tr style=\"height: 48px;\">\n<td style=\"width: 181px; height: 48px;\"><strong>Zeitraum<\/strong><\/td>\n<td style=\"width: 90.8125px; height: 48px;\" align=\"left\">Saison<\/td>\n<td style=\"width: 292.9375px; height: 48px;\" colspan=\"2\"><strong>Preise f\u00fcr Belegung mit max. 6 Personen<\/strong><\/td>\n<td style=\"width: 203.609375px; height: 48px;\"><strong>Mindest\u00fcbernachtungen<\/strong><\/td>\n<\/tr>\n<tr style=\"height: 48px;\">\n<td style=\"width: 181px; height: 48px;\"><\/td>\n<td style=\"width: 90.8125px; height: 48px;\" align=\"left\"><\/td>\n<td style=\"width: 147.96875px; height: 48px;\" align=\"right\">Mietpreis pro Woche*<\/td>\n<td style=\"width: 142.96875px; height: 48px;\" align=\"right\">Mietpreis pro Nacht*<\/td>\n<td style=\"width: 203.609375px; height: 48px;\"><\/td>\n<\/tr>\n<tr style=\"height: 24px;\">\n<td style=\"width: 181px; height: 24px;\">03. Jan. &#8211; 31. Mrz.<\/td>\n<td style=\"width: 90.8125px; height: 24px;\" align=\"left\">Nebensaison<\/td>\n<td style=\"width: 147.96875px; height: 24px;\" align=\"right\">581,- \u20ac<\/td>\n<td style=\"width: 142.96875px; height: 24px;\" align=\"right\">83,- \u20ac<\/td>\n<td style=\"width: 203.609375px; height: 24px;\" align=\"right\">4N\u00e4chte<\/td>\n<\/tr>\n<tr style=\"height: 72px;\">\n<td style=\"width: 181px; height: 72px;\">01. Apr. &#8211; Beginn deutsche<br \/>\nSchulsommerferien<\/td>\n<td style=\"width: 90.8125px; height: 72px;\" align=\"left\">Vorsaison<\/td>\n<td style=\"width: 147.96875px; height: 72px;\" align=\"right\">721,-\u20ac<\/td>\n<td style=\"width: 142.96875px; height: 72px;\" align=\"right\">103,- \u20ac<\/td>\n<td style=\"width: 203.609375px; height: 72px;\" align=\"right\">5N\u00e4chte<\/td>\n<\/tr>\n<tr style=\"height: 48px;\">\n<td style=\"width: 181px; height: 48px;\">deutsche<br \/>\nSchulsommerferien<\/td>\n<td style=\"width: 90.8125px; height: 48px;\" align=\"left\">Hauptsaison<\/td>\n<td style=\"width: 147.96875px; height: 48px;\" align=\"right\">903,- \u20ac<\/td>\n<td style=\"width: 142.96875px; height: 48px;\" align=\"right\">129,-\u20ac<\/td>\n<td style=\"width: 203.609375px; height: 48px;\" align=\"right\">(wochenweise Sa.-Sa.)<br \/>\n7 N\u00e4chte<\/td>\n<\/tr>\n<tr style=\"height: 72px;\">\n<td style=\"width: 181px; height: 72px;\">Ende deutscher<br \/>\nSchulsommerferien<br \/>\nbis 31. Oktober<\/td>\n<td style=\"width: 90.8125px; height: 72px;\" align=\"left\">Nachsaison<\/td>\n<td style=\"width: 147.96875px; height: 72px;\" align=\"right\">721,-\u20ac<\/td>\n<td style=\"width: 142.96875px; height: 72px;\" align=\"right\">103,-<\/td>\n<td style=\"width: 203.609375px; height: 72px;\" align=\"right\">5N\u00e4chte<\/td>\n<\/tr>\n<tr style=\"height: 24px;\">\n<td style=\"width: 181px; height: 24px;\">01.Nov. &#8211; 21. Dez.<\/td>\n<td style=\"width: 90.8125px; height: 24px;\" align=\"left\">Nebensaison<\/td>\n<td style=\"width: 147.96875px; height: 24px;\" align=\"right\">581,&#8211; \u20ac<\/td>\n<td style=\"width: 142.96875px; height: 24px;\" align=\"right\">83,-\u20ac<\/td>\n<td style=\"width: 203.609375px; height: 24px;\" align=\"right\">5N\u00e4chte<\/td>\n<\/tr>\n<tr style=\"height: 24px;\">\n<td style=\"width: 181px; height: 24px;\">Weihnachten\/Silvester<\/td>\n<td style=\"width: 90.8125px; height: 24px;\" align=\"left\"><\/td>\n<td style=\"width: 147.96875px; height: 24px;\" align=\"right\"><\/td>\n<td style=\"width: 142.96875px; height: 24px;\" align=\"right\"><\/td>\n<td style=\"width: 203.609375px; height: 24px;\" align=\"right\"><\/td>\n<\/tr>\n<tr style=\"height: 24px;\">\n<td style=\"width: 181px; height: 24px;\">22. Dez. &#8211; 02. Jan.<\/td>\n<td style=\"width: 90.8125px; height: 24px;\" align=\"left\">Hauptsaison<\/td>\n<td style=\"width: 147.96875px; height: 24px;\" align=\"right\">905,-\u20ac<\/td>\n<td style=\"width: 142.96875px; height: 24px;\" align=\"right\">129,-\u20ac<\/td>\n<td style=\"width: 203.609375px; height: 24px;\" align=\"right\">5 N\u00e4chte<\/td>\n<\/tr>\n<\/tbody>\n<\/table>\n<address>Die Vermietung erfolgt in der Hauptsaison nur wochenweise (Samstag bis Samstag).<\/address>\n<address>\u00a0<\/address>\n<p><strong>Wichtige Preiszus\u00e4tze:<\/strong><br \/>\n&#8211; Zuz\u00fcglich einmalige Endreinigung in H\u00f6he von 123,- Euro<br \/>\n&#8211; bei Haustieren zuz\u00fcglich Endreinigungspauschale von 45- Euro<br \/>\n&#8211; alle Preise pro Nacht (inkl. Strom,Wasser,Heizung,WLAN)<br \/>\n&#8211; optional\u00a0 gro\u00dfes W\u00e4schepaket (Bettw\u00e4sche, Dusch- und Handtuch) f\u00fcr 20,-\u20ac pro Person<\/p>\n<p><strong>Kurtaxe: <\/strong>Die Kurtaxe wird an den Vermieter mit Vertragsabschluss gezahlt, wir k\u00fcmmern uns um alle notwendigen Formalit\u00e4ten. Digitale Kurkarten werden \u00fcber das System des Fremdenverkehrsamtes Zempin erstellt.<\/p>\n<p>Kurpflichtiger Zeitraum ganzj\u00e4hrig ab 6.Lebensjahr.<\/p>\n<p>Aktuelle Kurtaxe:<\/p>\n<p>www.bernsteinbaeder-usedom.de\/zempin\/<\/p>\n<h3>Sie erwartet eine pers\u00f6nliche Betreuung mit flexibler Anreise durch Schl\u00fcsseltressor.<\/h3>\n<p><strong>\u00a0<\/strong><\/p>\n","protected":false},"excerpt":{"rendered":"<p>Gro\u00dfes Nest im M\u00f6wenhaus 3-Zimmer-Ferienwohnung, 92 qm bis zu 6 Personen Was kann es Sch\u00f6neres geben, als nach einem spannenden Tag am Strand oder in der herrlichen Natur der Insel Usedom wieder zur\u00fcck in eine gro\u00dfz\u00fcgig ausgestattete Ferienwohnung zu kommen? Einfach Antwort: Nichts. &#8222;Das gro\u00dfe Nest&#8220; bietet in Ihnen und f\u00fcnf weiteren Personen im M\u00f6wenhaus [&hellip;]<\/p>\n","protected":false},"author":2,"featured_media":0,"parent":0,"menu_order":0,"comment_status":"closed","ping_status":"closed","template":"","meta":{"footnotes":""},"class_list":["post-290","page","type-page","status-publish","hentry"],"_links":{"self":[{"href":"https:\/\/www.das-moewenhaus.de\/index.php\/wp-json\/wp\/v2\/pages\/290","targetHints":{"allow":["GET"]}}],"collection":[{"href":"https:\/\/www.das-moewenhaus.de\/index.php\/wp-json\/wp\/v2\/pages"}],"about":[{"href":"https:\/\/www.das-moewenhaus.de\/index.php\/wp-json\/wp\/v2\/types\/page"}],"author":[{"embeddable":true,"href":"https:\/\/www.das-moewenhaus.de\/index.php\/wp-json\/wp\/v2\/users\/2"}],"replies":[{"embeddable":true,"href":"https:\/\/www.das-moewenhaus.de\/index.php\/wp-json\/wp\/v2\/comments?post=290"}],"version-history":[{"count":59,"href":"https:\/\/www.das-moewenhaus.de\/index.php\/wp-json\/wp\/v2\/pages\/290\/revisions"}],"predecessor-version":[{"id":915,"href":"https:\/\/www.das-moewenhaus.de\/index.php\/wp-json\/wp\/v2\/pages\/290\/revisions\/915"}],"wp:attachment":[{"href":"https:\/\/www.das-moewenhaus.de\/index.php\/wp-json\/wp\/v2\/media?parent=290"}],"curies":[{"name":"wp","href":"https:\/\/api.w.org\/{rel}","templated":true}]}}