{"id":284,"date":"2010-11-17T13:01:12","date_gmt":"2010-11-17T13:01:12","guid":{"rendered":"http:\/\/www.das-moewenhaus.de\/index.php\/"},"modified":"2025-04-22T18:55:42","modified_gmt":"2025-04-22T16:55:42","slug":"kleines-nest","status":"publish","type":"page","link":"https:\/\/www.das-moewenhaus.de\/index.php\/kleines-nest\/","title":{"rendered":"Kleines Nest"},"content":{"rendered":"<h1>Kleines Nest im M\u00f6wenhaus<\/h1>\n<h3><strong><span style=\"color: #ff9900;\">3-Zimmer-Ferienwohnung, 55qm bis 3 Personen<\/span><\/strong><\/h3>\n<p>Das Kleine Nest ist die kleinere Wohneinheit im M\u00f6wenhaus. Auf 55 Quadratmetern finden Sie alles, was Sie f\u00fcr einen entspannten Urlaub mit Ihrer kleinen Familie brauchen. In der gro\u00dfz\u00fcgig geschnittenen und gut eingerichteten K\u00fcche haben Sie ausreichend Platz, um den Fang des Tages in der Pfanne zu braten. Nach dem Abendessen klingt der sicher ereignisreiche Tag am Strand oder in der herrlichen Natur der Umgebung mit Ihren Lieben auf dem gem\u00fctlichen Sofa aus. Das helle Schlafzimmer im Obergeschoss bietet anschlie\u00dfend ausreichend Platz und Gelegenheit zum Tr\u00e4umen und Entspannen. So sch\u00f6pfen Sie Kraft f\u00fcr den n\u00e4chsten Urlaubstag und die nach dem Urlaub anstehenden Arbeitswochen.<\/p>\n\n\t\t<style type=\"text\/css\">\n\t\t\t#gallery-1 {\n\t\t\t\tmargin: auto;\n\t\t\t}\n\t\t\t#gallery-1 .gallery-item {\n\t\t\t\tfloat: left;\n\t\t\t\tmargin-top: 10px;\n\t\t\t\ttext-align: center;\n\t\t\t\twidth: 33%;\n\t\t\t}\n\t\t\t#gallery-1 img {\n\t\t\t\tborder: 2px solid #cfcfcf;\n\t\t\t}\n\t\t\t#gallery-1 .gallery-caption {\n\t\t\t\tmargin-left: 0;\n\t\t\t}\n\t\t\t\/* see gallery_shortcode() in wp-includes\/media.php *\/\n\t\t<\/style>\n\t\t<div id='gallery-1' class='gallery galleryid-284 gallery-columns-3 gallery-size-thumbnail'><dl class='gallery-item'>\n\t\t\t<dt class='gallery-icon landscape'>\n\t\t\t\t<a href='https:\/\/www.das-moewenhaus.de\/index.php\/bilder-kleines-nest\/kleines_nest-21\/' class=\"kk-lightbox\" data-title=\"kleines_nest (21)\"><img loading=\"lazy\" decoding=\"async\" width=\"240\" height=\"160\" src=\"https:\/\/www.das-moewenhaus.de\/wp-content\/uploads\/kleines_nest-21-240x160.jpg\" class=\"attachment-thumbnail size-thumbnail\" alt=\"\" srcset=\"https:\/\/www.das-moewenhaus.de\/wp-content\/uploads\/kleines_nest-21-240x160.jpg 240w, https:\/\/www.das-moewenhaus.de\/wp-content\/uploads\/kleines_nest-21-800x533.jpg 800w, https:\/\/www.das-moewenhaus.de\/wp-content\/uploads\/kleines_nest-21-760x506.jpg 760w, https:\/\/www.das-moewenhaus.de\/wp-content\/uploads\/kleines_nest-21.jpg 900w\" sizes=\"auto, (max-width: 240px) 100vw, 240px\" \/><\/a>\n\t\t\t<\/dt><\/dl><dl class='gallery-item'>\n\t\t\t<dt class='gallery-icon landscape'>\n\t\t\t\t<a href='https:\/\/www.das-moewenhaus.de\/index.php\/groses-nest-bilder\/dsc_2674-26\/' class=\"kk-lightbox\" data-title=\"DSC_2674-26\"><img loading=\"lazy\" decoding=\"async\" width=\"240\" height=\"160\" src=\"https:\/\/www.das-moewenhaus.de\/wp-content\/uploads\/DSC_2674-26-240x160.jpg\" class=\"attachment-thumbnail size-thumbnail\" alt=\"\" srcset=\"https:\/\/www.das-moewenhaus.de\/wp-content\/uploads\/DSC_2674-26-240x160.jpg 240w, https:\/\/www.das-moewenhaus.de\/wp-content\/uploads\/DSC_2674-26-800x533.jpg 800w, https:\/\/www.das-moewenhaus.de\/wp-content\/uploads\/DSC_2674-26-768x512.jpg 768w, https:\/\/www.das-moewenhaus.de\/wp-content\/uploads\/DSC_2674-26-867x578.jpg 867w, https:\/\/www.das-moewenhaus.de\/wp-content\/uploads\/DSC_2674-26.jpg 1280w\" sizes=\"auto, (max-width: 240px) 100vw, 240px\" \/><\/a>\n\t\t\t<\/dt><\/dl><dl class='gallery-item'>\n\t\t\t<dt class='gallery-icon landscape'>\n\t\t\t\t<a href='https:\/\/www.das-moewenhaus.de\/index.php\/groses-nest-bilder\/dsc_2701-35\/' class=\"kk-lightbox\" data-title=\"DSC_2701-35\"><img loading=\"lazy\" decoding=\"async\" width=\"240\" height=\"160\" src=\"https:\/\/www.das-moewenhaus.de\/wp-content\/uploads\/DSC_2701-35-240x160.jpg\" class=\"attachment-thumbnail size-thumbnail\" alt=\"\" srcset=\"https:\/\/www.das-moewenhaus.de\/wp-content\/uploads\/DSC_2701-35-240x160.jpg 240w, https:\/\/www.das-moewenhaus.de\/wp-content\/uploads\/DSC_2701-35-800x533.jpg 800w, https:\/\/www.das-moewenhaus.de\/wp-content\/uploads\/DSC_2701-35-768x512.jpg 768w, https:\/\/www.das-moewenhaus.de\/wp-content\/uploads\/DSC_2701-35-867x578.jpg 867w, https:\/\/www.das-moewenhaus.de\/wp-content\/uploads\/DSC_2701-35.jpg 1280w\" sizes=\"auto, (max-width: 240px) 100vw, 240px\" \/><\/a>\n\t\t\t<\/dt><\/dl><br style=\"clear: both\" \/>\n\t\t<\/div>\n\n<p><a href=\"https:\/\/www.das-moewenhaus.de\/index.php\/bilder-kleines-nest\/\">Mehr Bilder vom kleinen Nest.<\/a><\/p>\n<p><strong>Ausstattung:<\/strong><\/p>\n<p>Maisonette-Wohnung, Wohn-E\u00dfzimmer mit integrierter K\u00fcche, Schlafzimmer mit Doppeltbett, extra Zimmer mit Schlafcouch, WC und Dusche, Kinderhochstuhl, Fu\u00dfbodenheizung, DVD-Player, LCD-TV, Radio, m\u00f6blierte Terrasse mit Grill, separater Stellplatz<\/p>\n<p><strong>K\u00fcchenausstattung:<\/strong><\/p>\n<p>Herd, Backofen, Geschirrsp\u00fclmaschine, K\u00fchlschrank mit Tiefk\u00fchlfach, Mikrowelle, Kaffeemaschine, Toaster, Wasserkocher<\/p>\n<p><strong>Preise f\u00fcr die kleine Ferienwohnung:<\/strong><\/p>\n<h3><strong><span style=\"color: #ff9900;\">3-Zimmer-Ferienwohnung, 55<\/span><\/strong><strong><span style=\"color: #ff9900;\">qm bis 3 Personen<\/span><\/strong><\/h3>\n<p><strong>kostenfreies WLAN im gesamten Ferienhaus<\/strong><\/p>\n<table id=\"Tabelle\" style=\"width: 778.33px; height: 282px;\" border=\"0\" cellspacing=\"0\" cellpadding=\"0\">\n<tbody>\n<tr>\n<td style=\"width: 181px;\"><strong>Zeitraum<\/strong><\/td>\n<td style=\"width: 90px;\" align=\"left\">Saison<\/td>\n<td style=\"width: 291px;\" colspan=\"2\"><strong>Preise f\u00fcr Belegung mit max. 6 Personen<\/strong><\/td>\n<td style=\"width: 203.33px;\"><strong>Mindest\u00fcbernachtungen<\/strong><\/td>\n<\/tr>\n<tr>\n<td style=\"width: 181px;\"><\/td>\n<td style=\"width: 90px;\" align=\"left\"><\/td>\n<td style=\"width: 148px;\" align=\"right\">Mietpreis pro Woche*<\/td>\n<td style=\"width: 143px;\" align=\"right\">Mietpreis pro Nacht*<\/td>\n<td style=\"width: 203.33px;\"><\/td>\n<\/tr>\n<tr>\n<td style=\"width: 181px;\">03. Jan. &#8211; 31. Mrz.<\/td>\n<td style=\"width: 90px;\" align=\"left\">Nebensaison<\/td>\n<td style=\"width: 148px;\" align=\"right\">385,-\u20ac<\/td>\n<td style=\"width: 143px;\" align=\"right\">55,- \u20ac<\/td>\n<td style=\"width: 203.33px;\" align=\"right\">4N\u00e4chte<\/td>\n<\/tr>\n<tr>\n<td style=\"width: 181px;\">01. Apr. &#8211; Beginn deutsche<br \/>\nSchulsommerferien<\/td>\n<td style=\"width: 90px;\" align=\"left\">Vorsaison<\/td>\n<td style=\"width: 148px;\" align=\"right\">525,-\u20ac<\/td>\n<td style=\"width: 143px;\" align=\"right\">75,- \u20ac<\/td>\n<td style=\"width: 203.33px;\" align=\"right\">5N\u00e4chte<\/td>\n<\/tr>\n<tr>\n<td style=\"width: 181px;\">deutsche<br \/>\nSchulsommerferien<\/td>\n<td style=\"width: 90px;\" align=\"left\">Hauptsaison<\/td>\n<td style=\"width: 148px;\" align=\"right\">651,- \u20ac<\/td>\n<td style=\"width: 143px;\" align=\"right\">93,-\u20ac<\/td>\n<td style=\"width: 203.33px;\" align=\"right\">(wochenweise Sa.-Sa.)<br \/>\n7 N\u00e4chte<\/td>\n<\/tr>\n<tr>\n<td style=\"width: 181px;\">Ende deutscher<br \/>\nSchulsommerferien<br \/>\nbis 31. Oktober<\/td>\n<td style=\"width: 90px;\" align=\"left\">Nachsaison<\/td>\n<td style=\"width: 148px;\" align=\"right\">525,-\u20ac<\/td>\n<td style=\"width: 143px;\" align=\"right\">75,-\u20ac<\/td>\n<td style=\"width: 203.33px;\" align=\"right\">5N\u00e4chte<\/td>\n<\/tr>\n<tr>\n<td style=\"width: 181px;\">01.Nov. &#8211; 21. Dez.<\/td>\n<td style=\"width: 90px;\" align=\"left\">Nebensaison<\/td>\n<td style=\"width: 148px;\" align=\"right\">385,-\u20ac<\/td>\n<td style=\"width: 143px;\" align=\"right\">55,-\u20ac<\/td>\n<td style=\"width: 203.33px;\" align=\"right\">4N\u00e4chte<\/td>\n<\/tr>\n<tr>\n<td style=\"width: 181px;\">Weihnachten\/Silvester<\/td>\n<td style=\"width: 90px;\" align=\"left\"><\/td>\n<td style=\"width: 148px;\" align=\"right\"><\/td>\n<td style=\"width: 143px;\" align=\"right\"><\/td>\n<td style=\"width: 203.33px;\" align=\"right\"><\/td>\n<\/tr>\n<tr>\n<td style=\"width: 181px;\">22. Dez. &#8211; 02. Jan.<\/td>\n<td style=\"width: 90px;\" align=\"left\">Hauptsaison<\/td>\n<td style=\"width: 148px;\" align=\"right\">651,- \u20ac<\/td>\n<td style=\"width: 143px;\" align=\"right\">93,- \u20ac<\/td>\n<td style=\"width: 203.33px;\" align=\"right\">5 N\u00e4chte<\/td>\n<\/tr>\n<\/tbody>\n<\/table>\n<address>Die Vermietung erfolgt in der Hauptsaison nur wochenweise (Samstag bis Samstag).<\/address>\n<address>\u00a0<\/address>\n<p><strong>Wichtige Preiszus\u00e4tze:<\/strong><br \/>\n&#8211; Zuz\u00fcglich einmalige Endreinigung in H\u00f6he von 83,-\u20ac<br \/>\n&#8211; bei Haustieren zuz\u00fcglich Endreinigungspauschale von 45,-\u20ac<br \/>\n&#8211; alle Preise pro Nacht (inkl. Strom und Wasser, exkl. Bettw\u00e4sche und Handt\u00fccher)<br \/>\n&#8211; optional\u00a0 gro\u00dfes W\u00e4schepaket (Bettw\u00e4sche, Dusch- und Handtuch) f\u00fcr 20,-\u20ac pro Person<\/p>\n<p>&nbsp;<\/p>\n<p><strong>Kurtaxe: <\/strong>Die Kurtaxe wird an den Vermieter mit Vertragsabschluss gezahlt, wir k\u00fcmmern uns um alle notwendigen Formalit\u00e4ten. Kurkarten werden digital \u00fcber das Kurtaxsystem von Zempin erstellt.<\/p>\n<p>Kurpflichtiger Zeitraum ist ganzj\u00e4hrig ab vollendeten 6.Lebensjahr.<\/p>\n<p>Aktuelle Kurtaxe:<\/p>\n<p>www.bernsteinbaeder-usedom.de\/zempin\/<\/p>\n<h3>Sie erwartet eine pers\u00f6nliche Betreuung, flexible Anreise m\u00f6glich durch Schl\u00fcsseltressor<\/h3>\n","protected":false},"excerpt":{"rendered":"<p>Kleines Nest im M\u00f6wenhaus 3-Zimmer-Ferienwohnung, 55qm bis 3 Personen Das Kleine Nest ist die kleinere Wohneinheit im M\u00f6wenhaus. Auf 55 Quadratmetern finden Sie alles, was Sie f\u00fcr einen entspannten Urlaub mit Ihrer kleinen Familie brauchen. In der gro\u00dfz\u00fcgig geschnittenen und gut eingerichteten K\u00fcche haben Sie ausreichend Platz, um den Fang des Tages in der Pfanne [&hellip;]<\/p>\n","protected":false},"author":2,"featured_media":0,"parent":0,"menu_order":0,"comment_status":"closed","ping_status":"closed","template":"","meta":{"footnotes":""},"class_list":["post-284","page","type-page","status-publish","hentry"],"_links":{"self":[{"href":"https:\/\/www.das-moewenhaus.de\/index.php\/wp-json\/wp\/v2\/pages\/284","targetHints":{"allow":["GET"]}}],"collection":[{"href":"https:\/\/www.das-moewenhaus.de\/index.php\/wp-json\/wp\/v2\/pages"}],"about":[{"href":"https:\/\/www.das-moewenhaus.de\/index.php\/wp-json\/wp\/v2\/types\/page"}],"author":[{"embeddable":true,"href":"https:\/\/www.das-moewenhaus.de\/index.php\/wp-json\/wp\/v2\/users\/2"}],"replies":[{"embeddable":true,"href":"https:\/\/www.das-moewenhaus.de\/index.php\/wp-json\/wp\/v2\/comments?post=284"}],"version-history":[{"count":71,"href":"https:\/\/www.das-moewenhaus.de\/index.php\/wp-json\/wp\/v2\/pages\/284\/revisions"}],"predecessor-version":[{"id":914,"href":"https:\/\/www.das-moewenhaus.de\/index.php\/wp-json\/wp\/v2\/pages\/284\/revisions\/914"}],"wp:attachment":[{"href":"https:\/\/www.das-moewenhaus.de\/index.php\/wp-json\/wp\/v2\/media?parent=284"}],"curies":[{"name":"wp","href":"https:\/\/api.w.org\/{rel}","templated":true}]}}