{"id":275,"date":"2010-11-17T12:41:38","date_gmt":"2010-11-17T12:41:38","guid":{"rendered":"http:\/\/www.das-moewenhaus.de\/index.php\/"},"modified":"2011-01-10T13:25:45","modified_gmt":"2011-01-10T13:25:45","slug":"ueckeritz","status":"publish","type":"page","link":"https:\/\/www.das-moewenhaus.de\/index.php\/ueckeritz\/","title":{"rendered":"\u00dcckeritz"},"content":{"rendered":"<h1>\u00dcckeritz<\/h1>\n<p>Inmitten der Insel Usedom, eingeschlossen zwischen Ostsee und Achterwasser, liegt das Seebad \u00dcckeritz. Mit ca. 1000 Einwohnern ist \u00dcckeritz ein eher kleiner Badeort. Vorwiegend niedrige H\u00e4user weisen heute noch auf den Charakter des einstigen Fischer- und Bauerndorfes hin. Erst mit der Entwicklung des Badewesens Ende des 19. Jahrhunderts wurden einige gr\u00f6\u00dfere G\u00e4steh\u00e4user im Villenstil erbaut.<br \/>\nAusgedehnte Wiesenfl\u00e4chen, schilfbestandene Uferzonen und ein herrlicher Misch-und Buchenwald umgeben den Ort und machen ihn durch sein l\u00e4ndliches Flair unverwechselbar.<br \/>\nViele K\u00fcnstler haben sich hier wegen der idyllischen Lage und seiner Urspr\u00fcnglichkeit angesiedelt.<br \/>\nIm Seebad \u00dcckeritz finden Sie einen 7 km langen, wunderbaren, feinsandigen Ostseestrand mit abwechselnder Steil- und Flachk\u00fcste.\u00a0\u00a0<br \/>\nDie Reha-Klinik &#8222;Ostseeblick&#8220; unmittelbar an der Steilk\u00fcste bietet die besten Voraussetzungen f\u00fcr eine umfassende Heilbehandlung (Pneumologie, Dermatologie und Onkologie).<br \/>\nMit seinen zwei Campingpl\u00e4tzen, an der Ostsee und am Achterwasser gelegen, ist \u00dcckeritz ein Paradies f\u00fcr alle Campingfreunde. Urlaubsg\u00e4ste sind im Seebad \u00dcckeritz zu jeder Jahreszeit willkommen. In modern ausgestatteten Ferienwohnungen und familiengef\u00fchrten Pensionen f\u00fchlen sich die Besucher sehr wohl.<\/p>\n<p>Quelle: <a href=\"http:\/\/www.ueckeritz.de\" target=\"_blank\">www.ueckeritz.de<\/a><\/p>\n","protected":false},"excerpt":{"rendered":"<p>\u00dcckeritz Inmitten der Insel Usedom, eingeschlossen zwischen Ostsee und Achterwasser, liegt das Seebad \u00dcckeritz. Mit ca. 1000 Einwohnern ist \u00dcckeritz ein eher kleiner Badeort. Vorwiegend niedrige H\u00e4user weisen heute noch auf den Charakter des einstigen Fischer- und Bauerndorfes hin. Erst mit der Entwicklung des Badewesens Ende des 19. Jahrhunderts wurden einige gr\u00f6\u00dfere G\u00e4steh\u00e4user im Villenstil [&hellip;]<\/p>\n","protected":false},"author":2,"featured_media":0,"parent":0,"menu_order":0,"comment_status":"closed","ping_status":"closed","template":"","meta":{"footnotes":""},"class_list":["post-275","page","type-page","status-publish","hentry"],"_links":{"self":[{"href":"https:\/\/www.das-moewenhaus.de\/index.php\/wp-json\/wp\/v2\/pages\/275","targetHints":{"allow":["GET"]}}],"collection":[{"href":"https:\/\/www.das-moewenhaus.de\/index.php\/wp-json\/wp\/v2\/pages"}],"about":[{"href":"https:\/\/www.das-moewenhaus.de\/index.php\/wp-json\/wp\/v2\/types\/page"}],"author":[{"embeddable":true,"href":"https:\/\/www.das-moewenhaus.de\/index.php\/wp-json\/wp\/v2\/users\/2"}],"replies":[{"embeddable":true,"href":"https:\/\/www.das-moewenhaus.de\/index.php\/wp-json\/wp\/v2\/comments?post=275"}],"version-history":[{"count":5,"href":"https:\/\/www.das-moewenhaus.de\/index.php\/wp-json\/wp\/v2\/pages\/275\/revisions"}],"predecessor-version":[{"id":282,"href":"https:\/\/www.das-moewenhaus.de\/index.php\/wp-json\/wp\/v2\/pages\/275\/revisions\/282"}],"wp:attachment":[{"href":"https:\/\/www.das-moewenhaus.de\/index.php\/wp-json\/wp\/v2\/media?parent=275"}],"curies":[{"name":"wp","href":"https:\/\/api.w.org\/{rel}","templated":true}]}}