{"id":270,"date":"2010-11-17T12:39:48","date_gmt":"2010-11-17T12:39:48","guid":{"rendered":"http:\/\/www.das-moewenhaus.de\/index.php\/"},"modified":"2011-01-10T13:25:57","modified_gmt":"2011-01-10T13:25:57","slug":"loddin","status":"publish","type":"page","link":"https:\/\/www.das-moewenhaus.de\/index.php\/loddin\/","title":{"rendered":"Loddin"},"content":{"rendered":"<h1>Loddin<\/h1>\n<p>Das Besondere unserer Insel sind ihre gesundheitsf\u00f6rdernden Faktoren, wie angenehmes Klima, die jod- und sauerstoffreiche saubere Luft zu jeder Jahreszeit, das Salzwasser und die Ruhe, die hier weitestgehend noch zu finden ist.<br \/>\nDas Seebad Loddin besteht aus 3 Ortsteilen &#8211; K\u00f6lpinsee und Stubbenfelde an der Ostsee und Loddin am Achterwasser gelegen.<br \/>\nWir bieten unseren Besuchern moderne Hotels mit Schwimmbad und Wellness, kleine familiengef\u00fchrte Pensionen und Ferienapartments. In Ortsteil Stubbenfelde erwartet ein<br \/>\nmoderner Campingplatz umgeben vom K\u00fcstenwald und in unmittelbarer N\u00e4he zur Ostsee seine G\u00e4ste.<br \/>\nZwei Kurkliniken mit modernster Ausstattung bieten Kuren f\u00fcr Kinder und M\u00fctter an.<br \/>\nIn unseren Restaurants und Fischr\u00e4uchereien k\u00f6nnen Sie den fangfrischen Fisch aus der Ostsee genie\u00dfen.<br \/>\nDie Freizeitangebote werden st\u00e4ndig erweitert und dem Trend angepasst. So bieten ein Reiterhof mit Kutschfahrten, diverse Wassersport- und Angelm\u00f6glichkeiten und eine Kinderranch Abwechslung.<br \/>\nDaf\u00fcr sorgen aber auch die kulturellen Angebote der Touristinformation und anderer Veranstalter in unserem Seebad. Das Highlight ist unser Gro\u00dfes Loddiner Erntefest am ersten Sonnabend im September. Informieren Sie sich aber auch \u00fcber die Veranstaltungen in den Nachbarorten und auf der gesamten Insel. Die gro\u00dfe Auswahl wird Sie begeistern.<br \/>\nRadfahren ist eine beliebte Besch\u00e4ftigung auf unserer Insel. K\u00f6lpinsee ist mit seiner Lage am K\u00fcstenradweg ein g\u00fcnstiger Ausgangspunkt. Aber auch im Hinterland gibt es ein gut ausgebautes Radwegenetz und die Usedomer B\u00e4derbahn transportiert jederzeit ihr Fahrrad, wenn Sie einmal die Bahn vorziehen.<br \/>\nDie gro\u00dfen Seeb\u00e4der wie Zinnowitz, Heringsdorf und Ahlbeck mit ihren breiten Promenaden werden Ihr Interesse wecken, so wie auch die vertr\u00e4umten D\u00f6rfer im Hinterland.<\/p>\n<p>Quelle: <a href=\"http:\/\/www.seebad-loddin.de\" target=\"_blank\">www.seebad-loddin.de<\/a><\/p>\n","protected":false},"excerpt":{"rendered":"<p>Loddin Das Besondere unserer Insel sind ihre gesundheitsf\u00f6rdernden Faktoren, wie angenehmes Klima, die jod- und sauerstoffreiche saubere Luft zu jeder Jahreszeit, das Salzwasser und die Ruhe, die hier weitestgehend noch zu finden ist. Das Seebad Loddin besteht aus 3 Ortsteilen &#8211; K\u00f6lpinsee und Stubbenfelde an der Ostsee und Loddin am Achterwasser gelegen. Wir bieten unseren [&hellip;]<\/p>\n","protected":false},"author":2,"featured_media":0,"parent":0,"menu_order":0,"comment_status":"closed","ping_status":"closed","template":"","meta":{"footnotes":""},"class_list":["post-270","page","type-page","status-publish","hentry"],"_links":{"self":[{"href":"https:\/\/www.das-moewenhaus.de\/index.php\/wp-json\/wp\/v2\/pages\/270","targetHints":{"allow":["GET"]}}],"collection":[{"href":"https:\/\/www.das-moewenhaus.de\/index.php\/wp-json\/wp\/v2\/pages"}],"about":[{"href":"https:\/\/www.das-moewenhaus.de\/index.php\/wp-json\/wp\/v2\/types\/page"}],"author":[{"embeddable":true,"href":"https:\/\/www.das-moewenhaus.de\/index.php\/wp-json\/wp\/v2\/users\/2"}],"replies":[{"embeddable":true,"href":"https:\/\/www.das-moewenhaus.de\/index.php\/wp-json\/wp\/v2\/comments?post=270"}],"version-history":[{"count":3,"href":"https:\/\/www.das-moewenhaus.de\/index.php\/wp-json\/wp\/v2\/pages\/270\/revisions"}],"predecessor-version":[{"id":273,"href":"https:\/\/www.das-moewenhaus.de\/index.php\/wp-json\/wp\/v2\/pages\/270\/revisions\/273"}],"wp:attachment":[{"href":"https:\/\/www.das-moewenhaus.de\/index.php\/wp-json\/wp\/v2\/media?parent=270"}],"curies":[{"name":"wp","href":"https:\/\/api.w.org\/{rel}","templated":true}]}}