{"id":265,"date":"2010-11-17T12:36:29","date_gmt":"2010-11-17T12:36:29","guid":{"rendered":"http:\/\/www.das-moewenhaus.de\/index.php\/"},"modified":"2011-01-10T13:23:30","modified_gmt":"2011-01-10T13:23:30","slug":"koserow","status":"publish","type":"page","link":"https:\/\/www.das-moewenhaus.de\/index.php\/koserow\/","title":{"rendered":"Koserow"},"content":{"rendered":"<h1>Koserow<\/h1>\n<p>Egal zu welcher Jahreszeit Sie zu uns auf die Insel Usedom in unser sch\u00f6nes Ostseebad kommen, Sie werden hier immer eine herzliche und freundliche Aufnahme finden.<br \/>\nWarme Quartiere, Restaurants mir regionaler K\u00fcche, Einkaufsm\u00f6glichkeiten, eine Vielzahl von Ausflugzielen und verschiedenen Kulturangeboten werden Ihren Urlaub bereichern.<br \/>\nDen Sommerurlaub kennt fast jeder, aber haben Sie schon mal den Herbst mit den bunt gef\u00e4rbten Buchenw\u00e4ldern, die letzten Sonnenhungrigen in den \u00fcbrig gebliebenen Strandk\u00f6rben und die ersten Herbstst\u00fcrme \u00fcber der tosenden Ostsee erlebt?<br \/>\nKennen Sie den Winter mit den verschneiten Landschaften, die bizarren Eisgebilde am Strand und die im Wind flatternden Positionsf\u00e4hnchen der Boote, deren Fischer auf Ihren n\u00e4chsten Fang warten?<br \/>\nWaren Sie schon mal im Fr\u00fchling auf der Insel Usedom, wo alles w\u00e4chst und sich regt, wo die Fischer mit Ihren ersten Heringsf\u00e4ngen anlanden, wo man in der erwachenden Natur lange Radtouren und Wanderungen machen kann oder ganz einfach auf einer Parkbank die ersten w\u00e4rmenden Sonnenstrahlen genie\u00dfen kann? Wenn ja, wissen Sie, wie sch\u00f6n es ist, wenn nein, dann probieren Sie doch einfach mal einen Kurzurlaub in unserem Ostseebad und Sie werden sehen, Sie kommen gerne wieder. Denn nirgends auf der Insel liegen Ostsee und Achterwasser, Flach- und Steilk\u00fcste so dicht beieinander wie hier in Koserow. Auch bietet Koserow f\u00fcr den Gesund-Urlaub oder eine offene Badekur gute Bedingungen.<br \/>\nIn dem benachbarten Ostseebad Zinnowitz in 8 km Entfernung, betreut Sie unser Badearzt. Vor Ort gibt es Fach\u00e4rzte, Physio- und Psychotherapien mit einer Vielzahl an Behandlungsangeboten. Natur und Therapie garantieren selbstst\u00e4ndig oder gemeinsam den Erfolg eines Kururlaubs auf Usedom, der zweitgr\u00f6\u00dften Insel Deutschlands. Kuren auf Usedom hei\u00dft gesund werden durch und mit der Natur.<\/p>\n<p>Quelle: <a href=\"http:\/\/www.seebad-koserow.de\" target=\"_blank\">www.seebad-koserow.de<\/a><\/p>\n","protected":false},"excerpt":{"rendered":"<p>Koserow Egal zu welcher Jahreszeit Sie zu uns auf die Insel Usedom in unser sch\u00f6nes Ostseebad kommen, Sie werden hier immer eine herzliche und freundliche Aufnahme finden. Warme Quartiere, Restaurants mir regionaler K\u00fcche, Einkaufsm\u00f6glichkeiten, eine Vielzahl von Ausflugzielen und verschiedenen Kulturangeboten werden Ihren Urlaub bereichern. Den Sommerurlaub kennt fast jeder, aber haben Sie schon mal [&hellip;]<\/p>\n","protected":false},"author":2,"featured_media":0,"parent":0,"menu_order":0,"comment_status":"closed","ping_status":"closed","template":"","meta":{"footnotes":""},"class_list":["post-265","page","type-page","status-publish","hentry"],"_links":{"self":[{"href":"https:\/\/www.das-moewenhaus.de\/index.php\/wp-json\/wp\/v2\/pages\/265","targetHints":{"allow":["GET"]}}],"collection":[{"href":"https:\/\/www.das-moewenhaus.de\/index.php\/wp-json\/wp\/v2\/pages"}],"about":[{"href":"https:\/\/www.das-moewenhaus.de\/index.php\/wp-json\/wp\/v2\/types\/page"}],"author":[{"embeddable":true,"href":"https:\/\/www.das-moewenhaus.de\/index.php\/wp-json\/wp\/v2\/users\/2"}],"replies":[{"embeddable":true,"href":"https:\/\/www.das-moewenhaus.de\/index.php\/wp-json\/wp\/v2\/comments?post=265"}],"version-history":[{"count":6,"href":"https:\/\/www.das-moewenhaus.de\/index.php\/wp-json\/wp\/v2\/pages\/265\/revisions"}],"predecessor-version":[{"id":450,"href":"https:\/\/www.das-moewenhaus.de\/index.php\/wp-json\/wp\/v2\/pages\/265\/revisions\/450"}],"wp:attachment":[{"href":"https:\/\/www.das-moewenhaus.de\/index.php\/wp-json\/wp\/v2\/media?parent=265"}],"curies":[{"name":"wp","href":"https:\/\/api.w.org\/{rel}","templated":true}]}}