{"id":246,"date":"2010-11-17T11:38:23","date_gmt":"2010-11-17T11:38:23","guid":{"rendered":"http:\/\/www.das-moewenhaus.de\/index.php\/"},"modified":"2011-01-10T13:23:00","modified_gmt":"2011-01-10T13:23:00","slug":"zempin-2","status":"publish","type":"page","link":"https:\/\/www.das-moewenhaus.de\/index.php\/zempin-2\/","title":{"rendered":"Zempin"},"content":{"rendered":"<h1>Zempin<\/h1>\n<p><img loading=\"lazy\" decoding=\"async\" class=\"alignright\" title=\"Strandkorb Ostsee\" src=\"https:\/\/www.das-moewenhaus.de\/wp-content\/uploads\/2010\/11\/Strandkorb-Fotolia-1028529-M-240x160.jpg\" alt=\"\" width=\"240\" height=\"160\" \/>Zempin liegt an der schmalsten Stelle der Insel Usedom.<br \/>\nAuf engstem Raum bieten sich dem Urlauber herrliche Natursch\u00f6nheiten.<br \/>\nHinter den D\u00fcnen der Ostsee kann man noch die Reste der malerischen Salzh\u00fctten sehen. Charakteristisch sind auch die schilfgedeckten H\u00e4user im S\u00fcdteil des Ortes. Zempin wird von den Urlaubern bevorzugt, die sich naturverbunden erholen m\u00f6chten. Das Klima wirkt besonders bei chronischen Erkrankungen der Atemwege lindernd und heilend. Besonders denen, die nach der Arbeit Ruhe und Erholung suchen, ist der kleine Ort zu empfehlen.<\/p>\n<p>Aber auch f\u00fcr die aktive Erholung ist der Ort geeignet. Wer das Wandern und das Radfahren liebt, findet hier geradezu ideale Bedingungen. Folgen Sie per pedes dem Naturlehrpfad rund um Zempin oder durchqueren Sie mit dem Rad den K\u00fcstenwald und radeln Sie \u00fcber den Deich. Segel-, Surf- und Angelsport sind in gleicher Weise auf der Ostsee wie auf dem Achterwasser m\u00f6glich. Anh\u00e4nger der Freik\u00f6rperkultur kommen am breiten, feinsandigen, steinlosen Ostseetrand auf ihre Kosten.<\/p>\n<p>Quelle: <a href=\"http:\/\/www.zempin.de\/\" target=\"_blank\">http:\/\/www.zempin.de\/<\/a><\/p>\n","protected":false},"excerpt":{"rendered":"<p>Zempin Zempin liegt an der schmalsten Stelle der Insel Usedom. Auf engstem Raum bieten sich dem Urlauber herrliche Natursch\u00f6nheiten. Hinter den D\u00fcnen der Ostsee kann man noch die Reste der malerischen Salzh\u00fctten sehen. Charakteristisch sind auch die schilfgedeckten H\u00e4user im S\u00fcdteil des Ortes. Zempin wird von den Urlaubern bevorzugt, die sich naturverbunden erholen m\u00f6chten. Das [&hellip;]<\/p>\n","protected":false},"author":2,"featured_media":0,"parent":0,"menu_order":0,"comment_status":"closed","ping_status":"closed","template":"","meta":{"footnotes":""},"class_list":["post-246","page","type-page","status-publish","hentry"],"_links":{"self":[{"href":"https:\/\/www.das-moewenhaus.de\/index.php\/wp-json\/wp\/v2\/pages\/246","targetHints":{"allow":["GET"]}}],"collection":[{"href":"https:\/\/www.das-moewenhaus.de\/index.php\/wp-json\/wp\/v2\/pages"}],"about":[{"href":"https:\/\/www.das-moewenhaus.de\/index.php\/wp-json\/wp\/v2\/types\/page"}],"author":[{"embeddable":true,"href":"https:\/\/www.das-moewenhaus.de\/index.php\/wp-json\/wp\/v2\/users\/2"}],"replies":[{"embeddable":true,"href":"https:\/\/www.das-moewenhaus.de\/index.php\/wp-json\/wp\/v2\/comments?post=246"}],"version-history":[{"count":8,"href":"https:\/\/www.das-moewenhaus.de\/index.php\/wp-json\/wp\/v2\/pages\/246\/revisions"}],"predecessor-version":[{"id":449,"href":"https:\/\/www.das-moewenhaus.de\/index.php\/wp-json\/wp\/v2\/pages\/246\/revisions\/449"}],"wp:attachment":[{"href":"https:\/\/www.das-moewenhaus.de\/index.php\/wp-json\/wp\/v2\/media?parent=246"}],"curies":[{"name":"wp","href":"https:\/\/api.w.org\/{rel}","templated":true}]}}