{"id":237,"date":"2010-11-17T11:30:42","date_gmt":"2010-11-17T11:30:42","guid":{"rendered":"http:\/\/www.das-moewenhaus.de\/index.php\/"},"modified":"2011-01-10T13:22:48","modified_gmt":"2011-01-10T13:22:48","slug":"bernsteinbader","status":"publish","type":"page","link":"https:\/\/www.das-moewenhaus.de\/index.php\/bernsteinbader\/","title":{"rendered":"Bernsteinb\u00e4der"},"content":{"rendered":"<h1>Die Bernsteinb\u00e4der auf Usedom<\/h1>\n<p><img loading=\"lazy\" decoding=\"async\" class=\"size-thumbnail wp-image-239 alignright\" title=\"Bernstein\" src=\"https:\/\/www.das-moewenhaus.de\/wp-content\/uploads\/2010\/11\/DSCF6373-240x160.jpg\" alt=\"\" width=\"240\" height=\"160\" \/><a href=\"zempin\">Zempin<\/a>, <a href=\"Koserow\">Koserow<\/a>, <a href=\"Loddin\">Loddin <\/a>und <a href=\"Ueckeritz\">\u00dcckeritz <\/a>profilieren sich als Bernsteinb\u00e4der. Bernstein z\u00e4hlt zu den \u00e4ltesten und bis heute beliebten Schmuck und Heilsteinen der Welt. Er fasziniert nicht nur durch den goldgelben Glanz nach dem Polieren. Bernstein f\u00fchlt sich sinnlich und warm an, und er ist \u00fcberraschend leicht. Man will ihn ber\u00fchren, auf der Haut tragen, als Handschmeichler betasten. Noch heute sammeln die Menschen an der Ostseek\u00fcste Bernstein, dem auch eine heilende, schmerzstillende und beruhigende Wirkung nachgesagt wird.<\/p>\n<p>Am Ostseestrand von <a href=\"zempin\">Zempin<\/a>, <a href=\"Koserow\">Koserow<\/a>, <a href=\"Loddin\">Loddin <\/a>und <a href=\"Ueckeritz\">\u00dcckeritz <\/a>\u00a0ist der Bernstein immer wieder zu finden. Doch diese vier Ostseeb\u00e4der bieten ihren G\u00e4sten weitaus mehr, denn Romantiker kommen hier voll auf ihre Kosten. Dort, wo Usedom geografisch gesehen am schmalsten ist, sind Zempin, Koserow, Loddin und \u00dcckeritz wie an einer gl\u00e4nzenden Bernstein-Kette aufgereiht. Da man zu viert st\u00e4rker als jeder f\u00fcr sich allein ist, nehmen sich die Ostseeb\u00e4der bei der gemeinsamen Vermarktung sehr viel vor.<\/p>\n<p>Quelle: <a href=\"http:\/\/www.wild-east.de\/meckpom\/usedom\/typo3\/usedomer-bersteinbaeder.html\">http:\/\/www.wild-east.de\/meckpom\/usedom\/typo3\/usedomer-bersteinbaeder.html<\/a><\/p>\n<p>Foto: Bernstein von Thomas Reinhardt \u00a9 pixelio.de<\/p>\n","protected":false},"excerpt":{"rendered":"<p>Die Bernsteinb\u00e4der auf Usedom Zempin, Koserow, Loddin und \u00dcckeritz profilieren sich als Bernsteinb\u00e4der. Bernstein z\u00e4hlt zu den \u00e4ltesten und bis heute beliebten Schmuck und Heilsteinen der Welt. Er fasziniert nicht nur durch den goldgelben Glanz nach dem Polieren. Bernstein f\u00fchlt sich sinnlich und warm an, und er ist \u00fcberraschend leicht. Man will ihn ber\u00fchren, auf [&hellip;]<\/p>\n","protected":false},"author":1,"featured_media":0,"parent":0,"menu_order":0,"comment_status":"closed","ping_status":"closed","template":"","meta":{"footnotes":""},"class_list":["post-237","page","type-page","status-publish","hentry"],"_links":{"self":[{"href":"https:\/\/www.das-moewenhaus.de\/index.php\/wp-json\/wp\/v2\/pages\/237","targetHints":{"allow":["GET"]}}],"collection":[{"href":"https:\/\/www.das-moewenhaus.de\/index.php\/wp-json\/wp\/v2\/pages"}],"about":[{"href":"https:\/\/www.das-moewenhaus.de\/index.php\/wp-json\/wp\/v2\/types\/page"}],"author":[{"embeddable":true,"href":"https:\/\/www.das-moewenhaus.de\/index.php\/wp-json\/wp\/v2\/users\/1"}],"replies":[{"embeddable":true,"href":"https:\/\/www.das-moewenhaus.de\/index.php\/wp-json\/wp\/v2\/comments?post=237"}],"version-history":[{"count":5,"href":"https:\/\/www.das-moewenhaus.de\/index.php\/wp-json\/wp\/v2\/pages\/237\/revisions"}],"predecessor-version":[{"id":241,"href":"https:\/\/www.das-moewenhaus.de\/index.php\/wp-json\/wp\/v2\/pages\/237\/revisions\/241"}],"wp:attachment":[{"href":"https:\/\/www.das-moewenhaus.de\/index.php\/wp-json\/wp\/v2\/media?parent=237"}],"curies":[{"name":"wp","href":"https:\/\/api.w.org\/{rel}","templated":true}]}}