{"id":2,"date":"2010-10-19T09:04:27","date_gmt":"2010-10-19T09:04:27","guid":{"rendered":"http:\/\/cn2481545.coolnic.de\/?page_id=2"},"modified":"2018-05-06T20:27:59","modified_gmt":"2018-05-06T18:27:59","slug":"das_moewenhaus","status":"publish","type":"page","link":"https:\/\/www.das-moewenhaus.de\/index.php\/das_moewenhaus\/","title":{"rendered":"Kurzvorstellung"},"content":{"rendered":"<h1>Ferienwohnungen auf Usedom.<\/h1>\n<p>Das neue M\u00f6wenhaus in idyllischer und ruhiger Lage bietet alles was man f\u00fcr einen erholsamen Urlaub im kleinsten Seebad der Insel braucht. Das mit viel Liebe zum Detail eingerichtete Objekt, unterteilt in 2 Ferienwohnungen, erf\u00fcllt seinen G\u00e4sten alles was Sie von einer Ferienwohnung erwarten k\u00f6nnen. Eine gro\u00dfz\u00fcgig ausgestattete Wohnk\u00fcche mit allen modernen Annehmlichkeiten. Ein Kamin und eine gem\u00fctliche Wohnlandschaft laden zum Kuscheln ein. Die modernen B\u00e4der des Hauses verf\u00fcgen \u00fcber Dusche und WC, sowie Schlafzimmer mit Aufbettung. Auf der einladenden Sonnenterasse kann man die Seele baumeln und den Alltag hinter sich lassen. Das M\u00f6wenhaus bietet nat\u00fcrlich ganzj\u00e4hrig die M\u00f6glichkeit der Grill und Gartennutzung sowie kostenlose Fahrr\u00e4der und freies WLAN im gesamten Haus.<\/p>\n<p><img loading=\"lazy\" decoding=\"async\" class=\"aligncenter size-full wp-image-88\" title=\"Das Moewenhaus\" src=\"https:\/\/www.das-moewenhaus.de\/wp-content\/uploads\/2010\/10\/banner_das_moewenhaus.png\" alt=\"\" width=\"800\" height=\"138\" srcset=\"https:\/\/www.das-moewenhaus.de\/wp-content\/uploads\/2010\/10\/banner_das_moewenhaus.png 800w, https:\/\/www.das-moewenhaus.de\/wp-content\/uploads\/2010\/10\/banner_das_moewenhaus-760x131.png 760w\" sizes=\"auto, (max-width: 800px) 100vw, 800px\" \/><\/p>\n<p><!-- HomeAway FeWo-direkt Link Start, bitte den nachfolgenden HTML Code nicht aendern. --><br \/>\n<a href=\"https:\/\/www.fewo-direkt.de\/ferienwohnung-ferienhaus\/p540220\" target=\"_blank\" rel=\"noopener\"><br \/>\n<span style=\"color: #ffffff;\">Das M\u00f6wenhaus &#8211;<\/span><\/a> <a href=\"https:\/\/www.fewo-direkt.de\/\" target=\"_blank\" rel=\"noopener\"><span style=\"color: #ffffff;\">Ferienh\u00e4user bei HomeAway FeWo-direkt<\/span><\/a><!-- HomeAway FeWo-direkt Link Ende. --><\/p>\n","protected":false},"excerpt":{"rendered":"<p>Ferienwohnungen auf Usedom. Das neue M\u00f6wenhaus in idyllischer und ruhiger Lage bietet alles was man f\u00fcr einen erholsamen Urlaub im kleinsten Seebad der Insel braucht. Das mit viel Liebe zum Detail eingerichtete Objekt, unterteilt in 2 Ferienwohnungen, erf\u00fcllt seinen G\u00e4sten alles was Sie von einer Ferienwohnung erwarten k\u00f6nnen. Eine gro\u00dfz\u00fcgig ausgestattete Wohnk\u00fcche mit allen modernen [&hellip;]<\/p>\n","protected":false},"author":2,"featured_media":0,"parent":0,"menu_order":0,"comment_status":"closed","ping_status":"closed","template":"","meta":{"footnotes":""},"class_list":["post-2","page","type-page","status-publish","hentry"],"_links":{"self":[{"href":"https:\/\/www.das-moewenhaus.de\/index.php\/wp-json\/wp\/v2\/pages\/2","targetHints":{"allow":["GET"]}}],"collection":[{"href":"https:\/\/www.das-moewenhaus.de\/index.php\/wp-json\/wp\/v2\/pages"}],"about":[{"href":"https:\/\/www.das-moewenhaus.de\/index.php\/wp-json\/wp\/v2\/types\/page"}],"author":[{"embeddable":true,"href":"https:\/\/www.das-moewenhaus.de\/index.php\/wp-json\/wp\/v2\/users\/2"}],"replies":[{"embeddable":true,"href":"https:\/\/www.das-moewenhaus.de\/index.php\/wp-json\/wp\/v2\/comments?post=2"}],"version-history":[{"count":30,"href":"https:\/\/www.das-moewenhaus.de\/index.php\/wp-json\/wp\/v2\/pages\/2\/revisions"}],"predecessor-version":[{"id":73,"href":"https:\/\/www.das-moewenhaus.de\/index.php\/wp-json\/wp\/v2\/pages\/2\/revisions\/73"}],"wp:attachment":[{"href":"https:\/\/www.das-moewenhaus.de\/index.php\/wp-json\/wp\/v2\/media?parent=2"}],"curies":[{"name":"wp","href":"https:\/\/api.w.org\/{rel}","templated":true}]}}