{"id":165,"date":"2010-10-21T08:09:16","date_gmt":"2010-10-21T08:09:16","guid":{"rendered":"http:\/\/www.das-moewenhaus.de\/index.php\/"},"modified":"2019-12-18T17:38:54","modified_gmt":"2019-12-18T16:38:54","slug":"buchungsanfrage","status":"publish","type":"page","link":"https:\/\/www.das-moewenhaus.de\/index.php\/buchungsanfrage\/","title":{"rendered":"Buchungsanfrage"},"content":{"rendered":"<h2>Buchungsanfrage<\/h2>\n<p>Mit diesem Formular k\u00f6nnen Sie uns einfach und schnell eine Buchungsanfrage f\u00fcr das M\u00f6wenhaus senden. Tragen Sie so viele Angaben wie m\u00f6glich ein, damit wir Ihre Anfrage rasch und problemlos bearbeiten k\u00f6nnen. F\u00fcr R\u00fcckfragen ben\u00f6tigen wir Ihre Telefonnummer und\/oder E-Mail-Adresse.<\/p>\n<table style=\"width: 100%; border-collapse: collapse; background-color: rgba(0,0,0, .3); height: 23px;\" border=\"1\">\n<tbody>\n<tr style=\"height: 23px;\">\n<td style=\"width: 100%; height: 23px; text-align: left;\"><div id=\"usermessagea\" class=\"cf_info \"><\/div><form enctype=\"multipart\/form-data\" action=\"\/index.php\/wp-json\/wp\/v2\/pages\/165#usermessagea\" method=\"post\" class=\"cform buchungsanfrage \" id=\"cformsform\"><fieldset class=\"cf-fs1\" style=\"\"><legend>Pers&ouml;nliche Daten<\/legend><ol class=\"cf-ol\"><li id=\"li--2\" class=\"\"><label id=\"label--2\" for=\"cf_field_2\"><span>Anrede<\/span><\/label><select name=\"cf_field_2\" id=\"cf_field_2\" class=\"cformselect\" title=\"\"><option value=\"-\" selected=\"selected\">Anrede<\/option><option value=\"Herr\">Herr<\/option><option value=\"Frau\">Frau<\/option><option value=\"Firma\">Firma<\/option><\/select><\/li><li id=\"li--3\" class=\"\"><label id=\"label--3\" for=\"cf_field_3\"><span>Name<\/span><\/label><input type=\"text\" name=\"cf_field_3\" id=\"cf_field_3\" class=\"single fldrequired\" value=\"Ihr Name\" onfocus=\"clearField(this)\" onblur=\"setField(this)\" title=\"Ihr Name\"\/><span class=\"reqtxt\"><\/span><\/li><li id=\"li--4\" class=\"\"><label id=\"label--4\" for=\"cf_field_4\"><span>Nachname<\/span><\/label><input type=\"text\" name=\"cf_field_4\" id=\"cf_field_4\" class=\"single\" value=\"Ihr Nachname\" onfocus=\"clearField(this)\" onblur=\"setField(this)\" title=\"\"\/><\/li><li id=\"li--5\" class=\"\"><label id=\"label--5\" for=\"cf_field_5\"><span>Stra&szlig;e Nr.<\/span><\/label><input type=\"text\" name=\"cf_field_5\" id=\"cf_field_5\" class=\"single fldrequired\" value=\"Stra&szlig;e und Hausnummer\" onfocus=\"clearField(this)\" onblur=\"setField(this)\" title=\"\"\/><span class=\"reqtxt\"><\/span><\/li><li id=\"li--6\" class=\"\"><label id=\"label--6\" for=\"cf_field_6\"><span>PLZ \/ Ort<\/span><\/label><input type=\"text\" name=\"cf_field_6\" id=\"cf_field_6\" class=\"single fldrequired\" value=\"PLZ \/ Ort\" onfocus=\"clearField(this)\" onblur=\"setField(this)\" title=\"\"\/><span class=\"reqtxt\"><\/span><\/li><li id=\"li--7\" class=\"\"><label id=\"label--7\" for=\"cf_field_7\"><span>E-Mail<\/span><\/label><input type=\"text\" name=\"cf_field_7\" id=\"cf_field_7\" class=\"single fldemail fldrequired\" value=\"E-Mail\" onfocus=\"clearField(this)\" onblur=\"setField(this)\" title=\"\"\/><span class=\"emailreqtxt\"><\/span><\/li><li id=\"li--8\" class=\"\"><label id=\"label--8\" for=\"cf_field_8\"><span>Telefon<\/span><\/label><input type=\"text\" name=\"cf_field_8\" id=\"cf_field_8\" class=\"single\" value=\"Telefon\" onfocus=\"clearField(this)\" onblur=\"setField(this)\" title=\"\"\/><\/li><\/ol><\/fieldset><fieldset class=\"cf-fs2\" style=\"\"><legend>Gew&uuml;nschte Buchungsanfrage<\/legend><ol class=\"cf-ol\"><li id=\"li--10\" class=\"\"><label id=\"label--10\" for=\"cf_field_10\"><span>Gew&uuml;nschte Ferienwohnung<\/span><\/label><select name=\"cf_field_10\" id=\"cf_field_10\" class=\"cformselect fldrequired\" title=\"\"><option value=\"-\">Bitte w&auml;hlen<\/option><option value=\"Kleines Nest (60 qm, max. 3 Pers.)\">Kleines Nest (60 qm, max. 3 Pers.)<\/option><option value=\"Gro&szlig;es Nest (110 qm, max. 6 Pers.)\">Gro&szlig;es Nest (110 qm, max. 6 Pers.)<\/option><\/select><span class=\"reqtxt\"><\/span><\/li><li id=\"li--11\" class=\"\"><label id=\"label--11\" for=\"cf_field_11\"><span>Zeitraum<\/span><\/label><select name=\"cf_field_11\" id=\"cf_field_11\" class=\"cformselect fldrequired\" title=\"\"><option value=\"-\" selected=\"selected\">Bitte w\u00e4hlen Sie<\/option><option value=\"Buchung in genau diesem Zeitraum\">Buchung in genau diesem Zeitraum<\/option><option value=\"5 Tage in der Zeit von\">5 Tage in der Zeit von<\/option><option value=\"7 Tage in der Zeit von\">7 Tage in der Zeit von<\/option><option value=\"10 Tage in der Zeit von\">10 Tage in der Zeit von<\/option><option value=\"14 Tage in der Zeit von\">14 Tage in der Zeit von<\/option><option value=\"21 Tage in der Zeit von\">21 Tage in der Zeit von<\/option><\/select><span class=\"reqtxt\"><\/span><\/li><li id=\"li--12\" class=\"\"><label id=\"label--12\" for=\"cf_field_12\"><span>Anreise<\/span><\/label><input required=\"required\"  type=\"date\" name=\"cf_field_12\" id=\"cf_field_12\" class=\" fldrequired\" value=\"\" title=\"\"\/><span class=\"reqtxt\"><\/span><\/li><li id=\"li--13\" class=\"\"><label id=\"label--13\" for=\"cf_field_13\"><span>Abreise<\/span><\/label><input required=\"required\"  type=\"date\" name=\"cf_field_13\" id=\"cf_field_13\" class=\" fldrequired\" value=\"\" title=\"\"\/><span class=\"reqtxt\"><\/span><\/li><li id=\"li--14\" class=\"\"><label id=\"label--14\" for=\"cf_field_14\"><span>Sonstige Mitteilung<\/span><\/label><textarea cols=\"30\" rows=\"8\" name=\"cf_field_14\" id=\"cf_field_14\" class=\"area\" title=\"Bitte geben Sie Ihre Nachricht ein.\"><\/textarea><\/li><\/ol><\/fieldset><fieldset class=\"cf-fs3\" style=\"\"><legend>Senden Sie jetzt Ihre Anfrage<\/legend><ol class=\"cf-ol\"><li id=\"li--16\" class=\"\"><input type=\"checkbox\" name=\"cf_field_16\" id=\"cf_field_16\" class=\"cf-box-a\" title=\"\"\/><label id=\"label--16\" for=\"cf_field_16\" class=\"cf-after\"><span>CC<\/span><\/label><\/li><li id=\"li--17\" class=\"\"><input type=\"checkbox\" name=\"cf_field_17\" id=\"cf_field_17\" class=\"cf-box-a fldrequired\" title=\"Wir nutzen Ihre pers\u00f6nlichen Daten nur und ausschlie\u00dflich zur Beantwortung der unverbindlichen Anfrage.\"\/><label id=\"label--17\" for=\"cf_field_17\" class=\"cf-after\"><span>Ich stimme den &lt;a href=&quot;https:\/\/www.das-moewenhaus.de\/index.php\/datenschutzrichtlinien\/&quot; target=&quot;_blank&quot;&gt;Datenschutzbestimmungen&lt;\/a&gt; zu.<\/span><\/label><\/li><\/ol><\/fieldset><fieldset class=\"cf-fs4\" style=\"\"><legend>Sicherheitsabfrage<\/legend><ol class=\"cf-ol\"><li id=\"li--19\" class=\"\"><label for=\"cf_field_19\" class=\"secq\"><span>Welche Farbe hat wei\u00dfer Schnee?<\/span><\/label><input type=\"text\" name=\"cforms2_question_and_answer\" id=\"cf_field_19\" class=\"secinput fldrequired \" title=\"\"\/><input type=\"hidden\" name=\"cforms2_question_and_answer\/hint\" value=\"0\"\/><\/li><\/ol><\/fieldset><fieldset class=\"cf_hidden\"><legend>&nbsp;<\/legend><input type=\"hidden\" name=\"cf_working\" id=\"cf_working\" value=\"<span>Bitte warten ...<\/span>\"\/><input type=\"hidden\" name=\"cf_failure\" id=\"cf_failure\" value=\"<span>Bitte f\u00fcllen Sie alle Pflichtfelder aus.<\/span>\"\/><input type=\"hidden\" name=\"cf_customerr\" id=\"cf_customerr\" value=\"ycf_field_17$#$Bitte stimmen Sie den Datenschutzbestimmungen zu.|\"\/><\/fieldset><p class=\"cf-sb\"><input type=\"submit\" name=\"sendbutton\" id=\"sendbutton\" class=\"sendbutton\" value=\"Senden\" \/><\/p><\/form><\/td>\n<\/tr>\n<\/tbody>\n<\/table>\n","protected":false},"excerpt":{"rendered":"<p>Buchungsanfrage Mit diesem Formular k\u00f6nnen Sie uns einfach und schnell eine Buchungsanfrage f\u00fcr das M\u00f6wenhaus senden. Tragen Sie so viele Angaben wie m\u00f6glich ein, damit wir Ihre Anfrage rasch und problemlos bearbeiten k\u00f6nnen. F\u00fcr R\u00fcckfragen ben\u00f6tigen wir Ihre Telefonnummer und\/oder E-Mail-Adresse.<\/p>\n","protected":false},"author":1,"featured_media":0,"parent":0,"menu_order":0,"comment_status":"closed","ping_status":"closed","template":"","meta":{"footnotes":""},"class_list":["post-165","page","type-page","status-publish","hentry"],"_links":{"self":[{"href":"https:\/\/www.das-moewenhaus.de\/index.php\/wp-json\/wp\/v2\/pages\/165","targetHints":{"allow":["GET"]}}],"collection":[{"href":"https:\/\/www.das-moewenhaus.de\/index.php\/wp-json\/wp\/v2\/pages"}],"about":[{"href":"https:\/\/www.das-moewenhaus.de\/index.php\/wp-json\/wp\/v2\/types\/page"}],"author":[{"embeddable":true,"href":"https:\/\/www.das-moewenhaus.de\/index.php\/wp-json\/wp\/v2\/users\/1"}],"replies":[{"embeddable":true,"href":"https:\/\/www.das-moewenhaus.de\/index.php\/wp-json\/wp\/v2\/comments?post=165"}],"version-history":[{"count":10,"href":"https:\/\/www.das-moewenhaus.de\/index.php\/wp-json\/wp\/v2\/pages\/165\/revisions"}],"predecessor-version":[{"id":822,"href":"https:\/\/www.das-moewenhaus.de\/index.php\/wp-json\/wp\/v2\/pages\/165\/revisions\/822"}],"wp:attachment":[{"href":"https:\/\/www.das-moewenhaus.de\/index.php\/wp-json\/wp\/v2\/media?parent=165"}],"curies":[{"name":"wp","href":"https:\/\/api.w.org\/{rel}","templated":true}]}}