{"id":110,"date":"2010-10-20T12:19:26","date_gmt":"2010-10-20T12:19:26","guid":{"rendered":"http:\/\/www.das-moewenhaus.de\/index.php\/"},"modified":"2025-04-22T16:53:45","modified_gmt":"2025-04-22T14:53:45","slug":"kontakt","status":"publish","type":"page","link":"https:\/\/www.das-moewenhaus.de\/index.php\/kontakt\/","title":{"rendered":"Kontakt"},"content":{"rendered":"<h1 style=\"padding-left: 60px; padding-top: 40px;\">Das M\u00f6wenhaus<\/h1>\n<p style=\"padding-left: 60px;\">Eine Buchungsanfrage f\u00fcr Ihre Unterbringung im M\u00f6wenhaus k\u00f6nnen Sie auch<br \/>\ndirekt und ganz bequem online \u00fcber unser <a href=\"buchungsanfrage\/\">Buchungsformular<\/a> vornehmen.<\/p>\n<p style=\"padding-left: 60px;\"><strong>Das M\u00f6wenhaus<br \/>\n<\/strong>Ferienwohnungen auf der Ostseeinsel Usedom<br \/>\nZu den Karlsbergen 3a, \u00a017459 Zempin<\/p>\n<p style=\"padding-left: 60px;\"><strong>Buchungskontakt:<br \/>\n<\/strong>Frau Manuela Roth<br \/>\nMittelstra\u00dfe 1<br \/>\n96523 Steinach<\/p>\n<p style=\"padding-left: 60px;\">\n<strong>Funk: 0177 \/ 55 34 816<\/strong><\/p>\n<p style=\"padding-left: 60px; text-align: center;\"><strong><a href=\"kontaktformular\">m.roth [at] das-moewenhaus.de<br \/>\nwww.das-moewenhaus.de<\/a><\/strong><\/p>\n<p style=\"padding-left: 60px;\">\n","protected":false},"excerpt":{"rendered":"<p>Das M\u00f6wenhaus Eine Buchungsanfrage f\u00fcr Ihre Unterbringung im M\u00f6wenhaus k\u00f6nnen Sie auch direkt und ganz bequem online \u00fcber unser Buchungsformular vornehmen. Das M\u00f6wenhaus Ferienwohnungen auf der Ostseeinsel Usedom Zu den Karlsbergen 3a, \u00a017459 Zempin Buchungskontakt: Frau Manuela Roth Mittelstra\u00dfe 1 96523 Steinach Funk: 0177 \/ 55 34 816 m.roth [at] das-moewenhaus.de www.das-moewenhaus.de<\/p>\n","protected":false},"author":1,"featured_media":0,"parent":0,"menu_order":0,"comment_status":"closed","ping_status":"closed","template":"","meta":{"footnotes":""},"class_list":["post-110","page","type-page","status-publish","hentry"],"_links":{"self":[{"href":"https:\/\/www.das-moewenhaus.de\/index.php\/wp-json\/wp\/v2\/pages\/110","targetHints":{"allow":["GET"]}}],"collection":[{"href":"https:\/\/www.das-moewenhaus.de\/index.php\/wp-json\/wp\/v2\/pages"}],"about":[{"href":"https:\/\/www.das-moewenhaus.de\/index.php\/wp-json\/wp\/v2\/types\/page"}],"author":[{"embeddable":true,"href":"https:\/\/www.das-moewenhaus.de\/index.php\/wp-json\/wp\/v2\/users\/1"}],"replies":[{"embeddable":true,"href":"https:\/\/www.das-moewenhaus.de\/index.php\/wp-json\/wp\/v2\/comments?post=110"}],"version-history":[{"count":18,"href":"https:\/\/www.das-moewenhaus.de\/index.php\/wp-json\/wp\/v2\/pages\/110\/revisions"}],"predecessor-version":[{"id":902,"href":"https:\/\/www.das-moewenhaus.de\/index.php\/wp-json\/wp\/v2\/pages\/110\/revisions\/902"}],"wp:attachment":[{"href":"https:\/\/www.das-moewenhaus.de\/index.php\/wp-json\/wp\/v2\/media?parent=110"}],"curies":[{"name":"wp","href":"https:\/\/api.w.org\/{rel}","templated":true}]}}